{"id":459,"date":"2018-05-20T12:15:12","date_gmt":"2018-05-20T10:15:12","guid":{"rendered":"https:\/\/cadr.redemptor.pl\/brzegi\/?page_id=459"},"modified":"2018-05-20T12:26:04","modified_gmt":"2018-05-20T10:26:04","slug":"wiersze","status":"publish","type":"page","link":"https:\/\/cadr.redemptor.pl\/brzegi\/wiersze\/","title":{"rendered":"Wiersze"},"content":{"rendered":"<p>Wielu uczestnik\u00f3w rekolekcji na Ryniasie do\u015bwiadczy\u0142o tutaj mocy dzia\u0142ania Boga.\u00a0 Jednymi z takich \u015bwiadectw s\u0105 wiersze, kt\u00f3re w spos\u00f3b prosty lecz g\u0142\u0119boki wyra\u017caj\u0105 to do\u015bwiadczenie.<\/p>\n<h2>Maryja &#8211; Matka Bo\u017ca z g\u00f3r<\/h2>\n<p>Mi\u0119dzy u\u015bmiechem nieba a cieniem<\/p>\n<p>Mi\u0119dzy dramatem a ukojeniem<\/p>\n<p>Na \u0142\u0105kach, drogach, tam gdzie zagrody<\/p>\n<p>Jest Ona, Matka, Kr\u00f3lowa Zgody<\/p>\n<p>Pani Pomocy Nieustaj\u0105cej<\/p>\n<p>S\u0142awiona s\u0142owem, przybrana s\u0142o\u0144cem<\/p>\n<p>&nbsp;<\/p>\n<p>Zaj\u0119\u0142a miejsce tu\u017c przy Jezusie<\/p>\n<p>W \u015bwi\u0105tyniach, w domach, w ka\u017cdym turnusie<\/p>\n<p>To co z g\u00f3r schodzi i wiedzie w g\u00f3r\u0119<\/p>\n<p>Wzbogaca ducha, wiar\u0119, natur\u0119<\/p>\n<p>Wszystkim si\u0119 cieszy\u0107 sob\u0105 pozwala<\/p>\n<p>Ga\u017adzina rodzin, s\u0142u\u017cb i Podhala<\/p>\n<p>&nbsp;<\/p>\n<p>Jak my tak Ona prosta i szczera<\/p>\n<p>Patrzy, poucza, prowadzi, wspiera,<\/p>\n<p>Tak si\u0119 pochyla nad ka\u017cdym stanem<\/p>\n<p>Panu powierza i darzy Panem<\/p>\n<p>I b\u0142ogos\u0142awi w ka\u017cdej potrzebie<\/p>\n<p>O Wniebowzi\u0119ta, zbli\u017c nas do siebie .<\/p>\n<p style=\"padding-left: 60px;\"><em>o. Stanis\u0142aw Gruszka CSsR<\/em><\/p>\n<hr \/>\n<h1>Na Rynias&#8230;<\/h1>\n<p>Hej, na Rynias braci droga<\/p>\n<p>Szuka\u0107 prawdy, znale\u017a\u0107 Boga<\/p>\n<p>wnikn\u0105\u0107 w ducha jak przysta\u0142o<\/p>\n<p>I zatopi\u0107 si\u0119 na ca\u0142o\u015b\u0107, hej!<\/p>\n<p>&nbsp;<\/p>\n<p>Tu w ustroni, pod Hawraniem<\/p>\n<p>\u015awiat si\u0119 budzi ju\u017c \u015bwitaniem<\/p>\n<p>Do wieczora przy dnia skwarze<\/p>\n<p>Wt\u00f3ruj\u0105 Ci gospodarze, hej!<\/p>\n<p>&nbsp;<\/p>\n<p>Bo wiadomo na Ryniasie<\/p>\n<p>Kto\u015b co\u015b kosi, kto\u015b co\u015b pasie<\/p>\n<p>Kto\u015b si\u0119 modli pod kaplic\u0105<\/p>\n<p>Lub zachwyca okolic\u0105, hej!<\/p>\n<p>&nbsp;<\/p>\n<p>Czy to ubocz, czy to szczyty<\/p>\n<p>Krajobraz jest znakomity<\/p>\n<p>A jeszcze, gdy szumi woda<\/p>\n<p>Jest w tym smak i jest uroda, hej!<\/p>\n<p>&nbsp;<\/p>\n<p>Starszy, m\u0142odszy, dziecko, kwiatek<\/p>\n<p>Ma w przysz\u0142o\u015bci tu zadatek<\/p>\n<p>I w nadziei ju\u017c szacuje,<\/p>\n<p>\u017be to w czym\u015b zaowocuje, hej!<\/p>\n<p>&nbsp;<\/p>\n<p>Hej dla zdrowia, hartu, si\u0142y<\/p>\n<p>Poby\u0107 tu to zaszczyt mi\u0142y,<\/p>\n<p>Tak rodzinnie, tak w jedno\u015bci<\/p>\n<p>W\u015br\u00f3d miejscowych i w\u015br\u00f3d go\u015bci, hej!<\/p>\n<p>&nbsp;<\/p>\n<p>Nie zagrozi nied\u017awied\u017a, burza<\/p>\n<p>Gdy nas jest wsp\u00f3lnota&#8217; du\u017ca<\/p>\n<p>Wi\u0119c na Rynias siostro, bracie<\/p>\n<p>Bo tu miejsce czeka na Ci\u0119, hej!<\/p>\n<p>30.04.2018<\/p>\n<p style=\"padding-left: 60px;\"><em>o. Stanis\u0142aw Gruszka CSsR<\/em><\/p>\n<hr \/>\n<h1>Zaproszenie<\/h1>\n<p>Zwa\u017c i pos\u0142uchaj m\u00f3j przyjacielu<\/p>\n<p>&#8211; Po\u015br\u00f3d zak\u0105tk\u00f3w i krain wielu<\/p>\n<p>Jest nad granic\u0105, tu\u017c przy potoku<\/p>\n<p>Rynias: polana zwana z widok\u00f3w,<\/p>\n<p>Znana z uroku, kt\u00f3ry tak du\u017cy,<\/p>\n<p>\u017be nigdzie w Polsce si\u0119 nie powt\u00f3rzy<\/p>\n<p>&nbsp;<\/p>\n<p>Chcesz mie\u0107 park le\u015bny &#8211; masz jak na d\u0142oni<\/p>\n<p>zapragniesz ciszy: a\u017c w uszach dzwoni<\/p>\n<p>Gdy masz intencje spotka\u0107 si\u0119 z Bogiem<\/p>\n<p>Znajdziesz Go w sercu albo za progiem<\/p>\n<p>Bo tu kaplica, o\u0142tarz zarazem<\/p>\n<p>Stapia si\u0119 z \u017cyciem i z krajobrazem<\/p>\n<p>&nbsp;<\/p>\n<p>Cz\u0142owiek z cz\u0142owiekiem &#8211; dobro\u0107 i wiara<\/p>\n<p>Olbrzymie serce&#8230; ma\u0142a ofiara<\/p>\n<p>S\u0142o\u0144ce nad szczytem, kwiat u podn\u00f3\u017ca<\/p>\n<p>Czy trzeba wi\u0119cej? &#8211; nawet ka\u0142u\u017ca<\/p>\n<p>Odbija niebo na tym obszarze<\/p>\n<p>Co w pi\u015bmie stoi, to masz i w darze<\/p>\n<p>&nbsp;<\/p>\n<p>R\u0119cz\u0119, \u017ce tu Ci\u0119 zaw\u00f3d nie spotka<\/p>\n<p>Barwna tu przysta\u0144, chwila za\u015b s\u0142odka<\/p>\n<p>Powietrze \u015bwie\u017ce i zdroje czyste<\/p>\n<p>My\u015bl nie ska\u017cona, tchnienie przejrzyste<\/p>\n<p>&#8211; Ty\u015b bohaterem, heroldem, znakiem<\/p>\n<p>I b\u0105d\u017a, bo Pan Ci\u0119 uczyni\u0142 Takim<\/p>\n<p>&nbsp;<\/p>\n<p>Rynias, to g\u0142osi od lat ju\u017c wielu<\/p>\n<p>On te\u017c uchyli\u0142 Ci drzwi, Przyjacielu<\/p>\n<p>Przyb\u0105d\u017a i do\u0142\u0105cz do rodzin ko\u0142a<\/p>\n<p>Nie daj si\u0119 prosi\u0107 lub d\u0142ugo wo\u0142a\u0107<\/p>\n<p>Ju\u017c jeste\u015b w sercu i ju\u017c w pami\u0119ci<\/p>\n<p>Reszta zale\u017cy od Twoich ch\u0119ci<\/p>\n<p>&nbsp;<\/p>\n<p>Mo\u017ce natchnie zyskasz w tworzeniu<\/p>\n<p>Mo\u017ce sens w trudzie czy te\u017c w cierpieniu<\/p>\n<p>A mo\u017ce rado\u015b\u0107 z drugim podzielisz<\/p>\n<p>W\u015br\u00f3d dni zwyczajnych lub przy niedzieli<\/p>\n<p>Jeste\u015b potrzebny zawsze i wsz\u0119dy<\/p>\n<p>Zajrzyj tu, gdy b\u0119dziesz przechodzi\u0142 t\u0119dy.<\/p>\n<p>03.05.2018<\/p>\n<p style=\"padding-left: 60px;\"><em>o. Stanis\u0142aw Gruszka CSsR<\/em><\/p>\n","protected":false},"excerpt":{"rendered":"<p>Wielu uczestnik\u00f3w rekolekcji na Ryniasie do\u015bwiadczy\u0142o tutaj mocy dzia\u0142ania Boga.\u00a0 Jednymi z takich \u015bwiadectw s\u0105 wiersze, kt\u00f3re w spos\u00f3b prosty lecz g\u0142\u0119boki wyra\u017caj\u0105 to do\u015bwiadczenie. Maryja &#8211; Matka Bo\u017ca z &hellip; <\/p>\n<p class=\"link-more\"><a href=\"https:\/\/cadr.redemptor.pl\/brzegi\/wiersze\/\" class=\"more-link\">Czytaj dalej<span class=\"screen-reader-text\"> \u201eWiersze\u201d<\/span><\/a><\/p>\n","protected":false},"author":1,"featured_media":0,"parent":0,"menu_order":0,"comment_status":"closed","ping_status":"closed","template":"","meta":{"_EventAllDay":false,"_EventTimezone":"","_EventStartDate":"","_EventEndDate":"","_EventStartDateUTC":"","_EventEndDateUTC":"","_EventShowMap":false,"_EventShowMapLink":false,"_EventURL":"","_EventCost":"","_EventCostDescription":"","_EventCurrencySymbol":"","_EventCurrencyCode":"","_EventCurrencyPosition":"","_EventDateTimeSeparator":"","_EventTimeRangeSeparator":"","_EventOrganizerID":[],"_EventVenueID":[],"_OrganizerEmail":"","_OrganizerPhone":"","_OrganizerWebsite":"","_VenueAddress":"","_VenueCity":"","_VenueCountry":"","_VenueProvince":"","_VenueState":"","_VenueZip":"","_VenuePhone":"","_VenueURL":"","_VenueStateProvince":"","_VenueLat":"","_VenueLng":"","_VenueShowMap":false,"_VenueShowMapLink":false,"_themeisle_gutenberg_block_has_review":false,"jetpack_post_was_ever_published":false,"footnotes":""},"class_list":["post-459","page","type-page","status-publish","hentry"],"yoast_head":"<!-- This site is optimized with the Yoast SEO plugin v27.4 - https:\/\/yoast.com\/product\/yoast-seo-wordpress\/ -->\n<title>Wiersze - CADR Brzegi<\/title>\n<meta name=\"robots\" content=\"index, follow, max-snippet:-1, max-image-preview:large, max-video-preview:-1\" \/>\n<link rel=\"canonical\" href=\"https:\/\/cadr.redemptor.pl\/brzegi\/wiersze\/\" \/>\n<meta property=\"og:locale\" content=\"pl_PL\" \/>\n<meta property=\"og:type\" content=\"article\" \/>\n<meta property=\"og:title\" content=\"Wiersze - CADR Brzegi\" \/>\n<meta property=\"og:description\" content=\"Wielu uczestnik\u00f3w rekolekcji na Ryniasie do\u015bwiadczy\u0142o tutaj mocy dzia\u0142ania Boga.\u00a0 Jednymi z takich \u015bwiadectw s\u0105 wiersze, kt\u00f3re w spos\u00f3b prosty lecz g\u0142\u0119boki wyra\u017caj\u0105 to do\u015bwiadczenie. Maryja &#8211; Matka Bo\u017ca z &hellip; Czytaj dalej \u201eWiersze\u201d\" \/>\n<meta property=\"og:url\" content=\"https:\/\/cadr.redemptor.pl\/brzegi\/wiersze\/\" \/>\n<meta property=\"og:site_name\" content=\"CADR Brzegi\" \/>\n<meta property=\"article:modified_time\" content=\"2018-05-20T10:26:04+00:00\" \/>\n<meta name=\"twitter:card\" content=\"summary_large_image\" \/>\n<meta name=\"twitter:label1\" content=\"Szacowany czas czytania\" \/>\n\t<meta name=\"twitter:data1\" content=\"3 minuty\" \/>\n<script type=\"application\/ld+json\" class=\"yoast-schema-graph\">{\"@context\":\"https:\\\/\\\/schema.org\",\"@graph\":[{\"@type\":\"WebPage\",\"@id\":\"https:\\\/\\\/cadr.redemptor.pl\\\/brzegi\\\/wiersze\\\/\",\"url\":\"https:\\\/\\\/cadr.redemptor.pl\\\/brzegi\\\/wiersze\\\/\",\"name\":\"Wiersze - CADR Brzegi\",\"isPartOf\":{\"@id\":\"https:\\\/\\\/cadr.redemptor.pl\\\/brzegi\\\/#website\"},\"datePublished\":\"2018-05-20T10:15:12+00:00\",\"dateModified\":\"2018-05-20T10:26:04+00:00\",\"breadcrumb\":{\"@id\":\"https:\\\/\\\/cadr.redemptor.pl\\\/brzegi\\\/wiersze\\\/#breadcrumb\"},\"inLanguage\":\"pl-PL\",\"potentialAction\":[{\"@type\":\"ReadAction\",\"target\":[\"https:\\\/\\\/cadr.redemptor.pl\\\/brzegi\\\/wiersze\\\/\"]}]},{\"@type\":\"BreadcrumbList\",\"@id\":\"https:\\\/\\\/cadr.redemptor.pl\\\/brzegi\\\/wiersze\\\/#breadcrumb\",\"itemListElement\":[{\"@type\":\"ListItem\",\"position\":1,\"name\":\"Strona g\u0142\u00f3wna\",\"item\":\"https:\\\/\\\/cadr.redemptor.pl\\\/brzegi\\\/\"},{\"@type\":\"ListItem\",\"position\":2,\"name\":\"Wiersze\"}]},{\"@type\":\"WebSite\",\"@id\":\"https:\\\/\\\/cadr.redemptor.pl\\\/brzegi\\\/#website\",\"url\":\"https:\\\/\\\/cadr.redemptor.pl\\\/brzegi\\\/\",\"name\":\"CADR Brzegi\",\"description\":\"O\u015brodek Rekolekcyjny Matki Bo\u017cej z G\u00f3r\",\"potentialAction\":[{\"@type\":\"SearchAction\",\"target\":{\"@type\":\"EntryPoint\",\"urlTemplate\":\"https:\\\/\\\/cadr.redemptor.pl\\\/brzegi\\\/?s={search_term_string}\"},\"query-input\":{\"@type\":\"PropertyValueSpecification\",\"valueRequired\":true,\"valueName\":\"search_term_string\"}}],\"inLanguage\":\"pl-PL\"}]}<\/script>\n<!-- \/ Yoast SEO plugin. -->","yoast_head_json":{"title":"Wiersze - CADR Brzegi","robots":{"index":"index","follow":"follow","max-snippet":"max-snippet:-1","max-image-preview":"max-image-preview:large","max-video-preview":"max-video-preview:-1"},"canonical":"https:\/\/cadr.redemptor.pl\/brzegi\/wiersze\/","og_locale":"pl_PL","og_type":"article","og_title":"Wiersze - CADR Brzegi","og_description":"Wielu uczestnik\u00f3w rekolekcji na Ryniasie do\u015bwiadczy\u0142o tutaj mocy dzia\u0142ania Boga.\u00a0 Jednymi z takich \u015bwiadectw s\u0105 wiersze, kt\u00f3re w spos\u00f3b prosty lecz g\u0142\u0119boki wyra\u017caj\u0105 to do\u015bwiadczenie. Maryja &#8211; Matka Bo\u017ca z &hellip; Czytaj dalej \u201eWiersze\u201d","og_url":"https:\/\/cadr.redemptor.pl\/brzegi\/wiersze\/","og_site_name":"CADR Brzegi","article_modified_time":"2018-05-20T10:26:04+00:00","twitter_card":"summary_large_image","twitter_misc":{"Szacowany czas czytania":"3 minuty"},"schema":{"@context":"https:\/\/schema.org","@graph":[{"@type":"WebPage","@id":"https:\/\/cadr.redemptor.pl\/brzegi\/wiersze\/","url":"https:\/\/cadr.redemptor.pl\/brzegi\/wiersze\/","name":"Wiersze - CADR Brzegi","isPartOf":{"@id":"https:\/\/cadr.redemptor.pl\/brzegi\/#website"},"datePublished":"2018-05-20T10:15:12+00:00","dateModified":"2018-05-20T10:26:04+00:00","breadcrumb":{"@id":"https:\/\/cadr.redemptor.pl\/brzegi\/wiersze\/#breadcrumb"},"inLanguage":"pl-PL","potentialAction":[{"@type":"ReadAction","target":["https:\/\/cadr.redemptor.pl\/brzegi\/wiersze\/"]}]},{"@type":"BreadcrumbList","@id":"https:\/\/cadr.redemptor.pl\/brzegi\/wiersze\/#breadcrumb","itemListElement":[{"@type":"ListItem","position":1,"name":"Strona g\u0142\u00f3wna","item":"https:\/\/cadr.redemptor.pl\/brzegi\/"},{"@type":"ListItem","position":2,"name":"Wiersze"}]},{"@type":"WebSite","@id":"https:\/\/cadr.redemptor.pl\/brzegi\/#website","url":"https:\/\/cadr.redemptor.pl\/brzegi\/","name":"CADR Brzegi","description":"O\u015brodek Rekolekcyjny Matki Bo\u017cej z G\u00f3r","potentialAction":[{"@type":"SearchAction","target":{"@type":"EntryPoint","urlTemplate":"https:\/\/cadr.redemptor.pl\/brzegi\/?s={search_term_string}"},"query-input":{"@type":"PropertyValueSpecification","valueRequired":true,"valueName":"search_term_string"}}],"inLanguage":"pl-PL"}]}},"jetpack_sharing_enabled":true,"jetpack_shortlink":"https:\/\/wp.me\/P7QzJJ-7p","jetpack-related-posts":[{"id":34,"url":"https:\/\/cadr.redemptor.pl\/brzegi\/dojazd\/","url_meta":{"origin":459,"position":0},"title":"Dojazd","author":"CADR","date":"2 wrze\u015bnia 2016","format":false,"excerpt":"Jak do nas dojecha\u0107? Dojazd do Brzeg\u00f3w \u2013 Polana Rynias samochodem Na polan\u0119 Rynias, gdzie znajduje si\u0119 o\u015brodek rekolekcyjnym mo\u017cna dojecha\u0107 samochodem osobowym. Nale\u017cy jednak uwa\u017ca\u0107, je\u017celi samoch\u00f3d posiada niskie zawieszenie. Czasami jest konieczne, aby w miejscach, gdzie droga jest wy\u017c\u0142obiona przez wod\u0119 pasa\u017cerowie wysiedli, aby podwozie nie zaczepia\u0142o o\u2026","rel":"","context":"Podobny wpis","block_context":{"text":"Podobny wpis","link":""},"img":{"alt_text":"","src":"","width":0,"height":0},"classes":[]},{"id":29,"url":"https:\/\/cadr.redemptor.pl\/brzegi\/dla-ducha\/","url_meta":{"origin":459,"position":1},"title":"Dla ducha","author":"CADR","date":"2 wrze\u015bnia 2016","format":false,"excerpt":"Odpocz\u0105\u0107, to znaczy pocz\u0105\u0107 na nowo O\u015brodek Rekolekcyjny Matki Bo\u017cej z G\u00f3r na Ryniasie \u00a0jest miejscem\u00a0odpoczynku.\u00a0 Po\u0142o\u017cony jest w miejscowo\u015bci Brzegi ko\u0142o Bukowiny Tatrza\u0144skiej na g\u00f3rskiej polanie Rynias. Pi\u0119kno przyrody, panorama g\u00f3r i cisza, kt\u00f3rej nic nie zak\u0142\u00f3ca sprawia, \u017ce jest to miejsce gdzie mo\u017cna wyciszy\u0107 si\u0119 i w tej\u2026","rel":"","context":"Podobny wpis","block_context":{"text":"Podobny wpis","link":""},"img":{"alt_text":"","src":"https:\/\/i0.wp.com\/cadr.redemptor.pl\/brzegi\/wp-content\/uploads\/sites\/3\/2016\/09\/Panorama-2.jpg?resize=350%2C200","width":350,"height":200,"srcset":"https:\/\/i0.wp.com\/cadr.redemptor.pl\/brzegi\/wp-content\/uploads\/sites\/3\/2016\/09\/Panorama-2.jpg?resize=350%2C200 1x, https:\/\/i0.wp.com\/cadr.redemptor.pl\/brzegi\/wp-content\/uploads\/sites\/3\/2016\/09\/Panorama-2.jpg?resize=525%2C300 1.5x"},"classes":[]},{"id":2139,"url":"https:\/\/cadr.redemptor.pl\/brzegi\/regulamin-zapisow-na-rekolekcje\/","url_meta":{"origin":459,"position":2},"title":"REGULAMIN ZAPIS\u00d3W NA REKOLEKCJE","author":"CADR Brzegi-Rynias","date":"19 stycznia 2026","format":false,"excerpt":"\u00a71. Postanowienia og\u00f3lne 1. Niniejszy Regulamin okre\u015bla zasady zg\u0142osze\u0144 oraz warunki rezygnacji z udzia\u0142u w rekolekcjach organizowanych przez O\u015brodek Rekolekcyjny Matki Bo\u017cej z G\u00f3r na Ryniasie. 2. Dokonanie zg\u0142oszenia poprzez formularz oznacza zapoznanie si\u0119 z Regulaminem i jego akceptacj\u0119. \u00a72. Zg\u0142oszenie i rezerwacja 1. Zg\u0142oszenie udzia\u0142u w rekolekcjach nast\u0119puje poprzez\u2026","rel":"","context":"Podobny wpis","block_context":{"text":"Podobny wpis","link":""},"img":{"alt_text":"","src":"","width":0,"height":0},"classes":[]},{"id":622,"url":"https:\/\/cadr.redemptor.pl\/brzegi\/rodo-cadr-brzegi\/","url_meta":{"origin":459,"position":3},"title":"RODO CADR Brzegi","author":"CADR","date":"31 grudnia 2018","format":false,"excerpt":"Klauzula informacyjna dotycz\u0105ca przetwarzania danych Administratorem Pani\/Pana danych jest O\u015brodek Rekolekcyjny Warszawskiej Prowincji Zgromadzenia Naj\u015bwi\u0119tszego Odkupiciela z siedzib\u0105: Brzegi, ul. Rynias 2,3a; \u00a034-532 Jurg\u00f3w. Zebrane dane b\u0119d\u0105 przetwarzane do momentu wyga\u015bni\u0119cia podstawy prawnej przetwarzania z wy\u0142\u0105czeniem cel\u00f3w statystycznych, archiwalnych i zabezpieczenia przysz\u0142ych roszcze\u0144 administratora danych. Dost\u0119p do danych mog\u0105 mie\u0107\u2026","rel":"","context":"Podobny wpis","block_context":{"text":"Podobny wpis","link":""},"img":{"alt_text":"","src":"","width":0,"height":0},"classes":[]},{"id":6,"url":"https:\/\/cadr.redemptor.pl\/brzegi\/kontakt\/","url_meta":{"origin":459,"position":4},"title":"Kontakt","author":"CADR","date":"29 sierpnia 2016","format":false,"excerpt":"O\u015brodek Rekolekcyjny Matki Bo\u017cej z G\u00f3r Nasz adres O\u015brodek Rekolekcyjny Prowincji Warszawskiej Zgromadzenia Naj\u015bwi\u0119tszego Odkupiciela Brzegi \u2013 Rynias 2,3A; 34-532 Brzegi tel. kom.\u00a0 728 705 470 lub 572 136 887 e-mail: brzeryn23a@gmail.com Bank Pekao SA, Oddzia\u0142 w Krakowie; nr rachunku:\u00a055 1240 4445 1111 0010 5041 8483 Adres do korespondencji O\u015brodek\u2026","rel":"","context":"Podobny wpis","block_context":{"text":"Podobny wpis","link":""},"img":{"alt_text":"","src":"","width":0,"height":0},"classes":[]},{"id":518,"url":"https:\/\/cadr.redemptor.pl\/brzegi\/o-nas\/","url_meta":{"origin":459,"position":5},"title":"O Nas","author":"CADR","date":"3 wrze\u015bnia 2018","format":false,"excerpt":"Rekolekcje Miejsce na rekolekcje dla student\u00f3w na Ryniasie \u201eodkry\u0142\u201d w latach siedemdziesi\u0105tych S\u0142uga Bo\u017cy ks. Franciszek Blachnicki, kt\u00f3ry szuka\u0142 miejsca na duchowy odpoczynek dla studenckich grup ruchu \u015awiat\u0142o \u2013 \u017bycie. Pierwsze rekolekcje odby\u0142y si\u0119 tu w lipcu 1976 roku. Rekolekcje prowadzone by\u0142y w wynajmowanych pomieszczeniach dom\u00f3w rodzin Michalik\u00f3w, Flork\u00f3w, Chowa\u0144c\u00f3w\u2026","rel":"","context":"Podobny wpis","block_context":{"text":"Podobny wpis","link":""},"img":{"alt_text":"","src":"","width":0,"height":0},"classes":[]}],"_links":{"self":[{"href":"https:\/\/cadr.redemptor.pl\/brzegi\/wp-json\/wp\/v2\/pages\/459","targetHints":{"allow":["GET"]}}],"collection":[{"href":"https:\/\/cadr.redemptor.pl\/brzegi\/wp-json\/wp\/v2\/pages"}],"about":[{"href":"https:\/\/cadr.redemptor.pl\/brzegi\/wp-json\/wp\/v2\/types\/page"}],"author":[{"embeddable":true,"href":"https:\/\/cadr.redemptor.pl\/brzegi\/wp-json\/wp\/v2\/users\/1"}],"replies":[{"embeddable":true,"href":"https:\/\/cadr.redemptor.pl\/brzegi\/wp-json\/wp\/v2\/comments?post=459"}],"version-history":[{"count":6,"href":"https:\/\/cadr.redemptor.pl\/brzegi\/wp-json\/wp\/v2\/pages\/459\/revisions"}],"predecessor-version":[{"id":466,"href":"https:\/\/cadr.redemptor.pl\/brzegi\/wp-json\/wp\/v2\/pages\/459\/revisions\/466"}],"wp:attachment":[{"href":"https:\/\/cadr.redemptor.pl\/brzegi\/wp-json\/wp\/v2\/media?parent=459"}],"curies":[{"name":"wp","href":"https:\/\/api.w.org\/{rel}","templated":true}]}}