{"id":518,"date":"2018-09-03T14:32:42","date_gmt":"2018-09-03T12:32:42","guid":{"rendered":"https:\/\/cadr.redemptor.pl\/brzegi\/?page_id=518"},"modified":"2018-09-03T14:37:52","modified_gmt":"2018-09-03T12:37:52","slug":"o-nas","status":"publish","type":"page","link":"https:\/\/cadr.redemptor.pl\/brzegi\/o-nas\/","title":{"rendered":"O Nas"},"content":{"rendered":"<h3>Rekolekcje<\/h3>\n<p>Miejsce na rekolekcje dla student\u00f3w na Ryniasie \u201eodkry\u0142\u201d w latach siedemdziesi\u0105tych S\u0142uga Bo\u017cy ks. Franciszek Blachnicki, kt\u00f3ry szuka\u0142 miejsca na duchowy odpoczynek dla studenckich grup ruchu \u015awiat\u0142o \u2013 \u017bycie. Pierwsze rekolekcje odby\u0142y si\u0119 tu w lipcu 1976 roku. Rekolekcje prowadzone by\u0142y w wynajmowanych pomieszczeniach dom\u00f3w rodzin Michalik\u00f3w, Flork\u00f3w, Chowa\u0144c\u00f3w i Wojtank\u00f3w.<\/p>\n<p>W okresie komunistycznym, a szczeg\u00f3lnie w czasie stanu wojennego gospodarze i uczestnicy rekolekcji do\u015bwiadczali szykan ze strony w\u0142adz. Pomimo tego swoj\u0105\u00a0postaw\u0105 dawali \u015bwiadectwo wiary.<\/p>\n<p>Od roku 1978 rekolekcje formacyjne Ruchu \u015awiat\u0142o &#8211; \u017bycie dla student\u00f3w w tym miejscu prowadz\u0105 redemptory\u015bci. Pierwszym z nich jest o. Jan Mikrut CSsR. W nast\u0119pnych latach prowadzone by\u0142y tutaj rekolekcje dla student\u00f3w z krakowskiego duszpasterstwa redemptoryst\u00f3w \u201eNa G\u00f3rce\u201d oraz innych o\u015brodk\u00f3w redemptorystowskich.<\/p>\n<p>Od 1991 roku odbywa\u0142y tu rekolekcje dla Rodziny Radia Maryja oraz Instytutu Edukacji Narodowej przy Radiu Maryja, a nast\u0119pnie rekolekcje dla animator\u00f3w wsp\u00f3lnot dla Intronizacji Naj\u015bwi\u0119tszego Serca Pana Jezusa.<\/p>\n<p>Wraz powstaniem Centrum Apostolstwa i Duchowo\u015bci Redemptoryst\u00f3w, w 2008 roku zostaje utworzony O\u015brodek Rekolekcyjny Warszawskiej Prowincji Redemptoryst\u00f3w Matki Bo\u017cej G\u00f3r. Od tego czasu prowadzone s\u0105 tutaj rekolekcje: szko\u0142a modlitwy, uzdrowienia wewn\u0119trznego, Lectio Divina, pustelnia, rekolekcje dla rodzin, dla kobiet ze wsp\u00f3lnoty Dzielne Niewiasty, warsztaty psychologiczne, rekolekcje dla kleryk\u00f3w oraz os\u00f3b konsekrowanych, dla animator\u00f3w Wsp\u00f3lnot dla Intronizacji Naj\u015bwi\u0119tszego Serca Pana Jezusa.<\/p>\n<h3>Miejsce modlitwy<\/h3>\n<p>Pierwsza kaplica zosta\u0142a utworzona w izbie wynajmowanej na czas rekolekcji od rodziny Michalik\u00f3w. Z czasem dom zosta\u0142 zakupiony przez redemptoryst\u00f3w. Kaplica zosta\u0142a dedykowana Matce Bo\u017cej Nieustaj\u0105cej Pomocy. Druga cz\u0119\u015b\u0107 budynku zosta\u0142a zakupiona dzi\u0119ki pomocy rodziny Bafi\u00f3w z Gliczarowa. Kolejne dwa budynki redemptory\u015bci nabyli od rodziny Chowa\u0144c\u00f3w. Domy zosta\u0142y wyremontowane pod kierownictwem pana in\u017cyniera Stanis\u0142awa Wojtanka.<\/p>\n<p>W miar\u0119 rozwoju o\u015brodka, w sercu o. Jana Mikruta, uczestnik\u00f3w rekolekcji, a tak\u017ce mieszka\u0144c\u00f3w Ryniasu zrodzi\u0142o si\u0119 pragnienie utworzenia miejsca modlitwy, kt\u00f3re b\u0119dzie stanowi\u0107 duchowe serce polany.<\/p>\n<h3>Ludzie<\/h3>\n<p>Wiele os\u00f3b przyczyni\u0142o si\u0119 do rozwoju o\u015brodka rekolekcyjnego poprzez wsparcie modlitewne, pos\u0142ug\u0119 jako wolontariusze oraz ofiary materialne. Trudno jest wymieni\u0107 z imienia i nazwiska ka\u017cd\u0105 osob\u0119, aby nie pomin\u0105\u0107 nikogo.<\/p>\n<p>Za\u0142o\u017cycielem, a nast\u0119pnie opiekunem i administratorem o\u015brodka by\u0142 od samego pocz\u0105tku o. Jan Mikrut CSsR (1942 &#8211; 2013). Od 2013 roku opiek\u0119 nad o\u015brodkiem przej\u0105\u0142 o. Pawe\u0142 Drobot CSsR.<\/p>\n<p>O\u015brodek od samego pocz\u0105tku funkcjonowa\u0142 dzi\u0119ki pos\u0142udze wolontariuszy, kt\u00f3rzy anga\u017cowali si\u0119 w opiek\u0119 nad grupami, pomoc w prowadzeniu rekolekcji, opiek\u0119 nad dzie\u0107mi w czasie rekolekcji dla rodzin, a tak\u017ce w prace zwi\u0105zane z utrzymaniem budynk\u00f3w i terenu wok\u00f3\u0142 o\u015brodka. W\u015br\u00f3d wielu grup wolontariuszy nale\u017cy wymieni\u0107, animator\u00f3w oazowych z lat 80-tych. Od lat 90-tych s\u0105 to osoby ze wsp\u00f3lnoty \u201eMagnificat\u201d z parafii Podwy\u017cszenia Krzy\u017ca \u015awi\u0119tego w Gliwicach, a od 2014 roku osoby ze wsp\u00f3lnoty \u201eRedemptor\u201d przy parafii Matk Bo\u017cej Nieustaj\u0105cej Pomocy z Krakowa.<\/p>\n<p>Na Ryniasie prowadzili rekolekcje pasterze Ko\u015bcio\u0142a jak: ks. bp. Stanis\u0142aw Stefanek, ks. bp. Wies\u0142aw Lechowicz, ks. bp. Edward Frankowski. W\u015br\u00f3d prowadz\u0105cych rekolekcje redemptoryst\u00f3w nale\u017cy wymieni\u0107 mi\u0119dzy innymi takich ojc\u00f3w jak: Piotr Andrukiewicz, Zdzis\u0142aw Klafka, Kazimierz Fryze\u0142, Jacek Dubel, Jan \u0106wikowski, Miros\u0142aw Chmielewski, Zbigniew Pi\u0119kos, Zbigniew Bruzi, Krzysztof Bieli\u0144ski, Stanis\u0142aw Gruszka, W\u0142adys\u0142aw Chaim, Stanis\u0142aw Patalita, Stanis\u0142aw Kie\u0142basa, Waldemar Sojka, Andrzej Zaj\u0105c, Mariusz Mazurkiewicz.<\/p>\n<p>Spo\u015br\u00f3d uczestnik\u00f3w rekolekcji wielu m\u0142odych ludzi odkry\u0142o tutaj swoj\u0105 drog\u0119 powo\u0142ania kap\u0142a\u0144skiego i zakonnego, szczeg\u00f3lnie do zgromadze\u0144 \u017ce\u0144skich, m. in. Zakonu Si\u00f3str Redemptorystek.<\/p>\n<blockquote><p>Sk\u0142adamy serdecznie podzi\u0119kowania ka\u017cdemu, kto swoj\u0105 modlitw\u0105, dobrym s\u0142owem, wsparciem zar\u00f3wno duchowym jak i materialnym przyczynia si\u0119 do rozwoju tego dzie\u0142a.<\/p>\n<p style=\"text-align: right;\">Redemptor\u015bci<\/p>\n<\/blockquote>\n","protected":false},"excerpt":{"rendered":"<p>Rekolekcje Miejsce na rekolekcje dla student\u00f3w na Ryniasie \u201eodkry\u0142\u201d w latach siedemdziesi\u0105tych S\u0142uga Bo\u017cy ks. Franciszek Blachnicki, kt\u00f3ry szuka\u0142 miejsca na duchowy odpoczynek dla studenckich grup ruchu \u015awiat\u0142o \u2013 \u017bycie. &hellip; <\/p>\n<p class=\"link-more\"><a href=\"https:\/\/cadr.redemptor.pl\/brzegi\/o-nas\/\" class=\"more-link\">Czytaj dalej<span class=\"screen-reader-text\"> \u201eO Nas\u201d<\/span><\/a><\/p>\n","protected":false},"author":1,"featured_media":0,"parent":0,"menu_order":0,"comment_status":"closed","ping_status":"closed","template":"","meta":{"_EventAllDay":false,"_EventTimezone":"","_EventStartDate":"","_EventEndDate":"","_EventStartDateUTC":"","_EventEndDateUTC":"","_EventShowMap":false,"_EventShowMapLink":false,"_EventURL":"","_EventCost":"","_EventCostDescription":"","_EventCurrencySymbol":"","_EventCurrencyCode":"","_EventCurrencyPosition":"","_EventDateTimeSeparator":"","_EventTimeRangeSeparator":"","_EventOrganizerID":[],"_EventVenueID":[],"_OrganizerEmail":"","_OrganizerPhone":"","_OrganizerWebsite":"","_VenueAddress":"","_VenueCity":"","_VenueCountry":"","_VenueProvince":"","_VenueState":"","_VenueZip":"","_VenuePhone":"","_VenueURL":"","_VenueStateProvince":"","_VenueLat":"","_VenueLng":"","_VenueShowMap":false,"_VenueShowMapLink":false,"_themeisle_gutenberg_block_has_review":false,"jetpack_post_was_ever_published":false,"footnotes":""},"class_list":["post-518","page","type-page","status-publish","hentry"],"yoast_head":"<!-- This site is optimized with the Yoast SEO plugin v27.4 - https:\/\/yoast.com\/product\/yoast-seo-wordpress\/ -->\n<title>O Nas - CADR Brzegi<\/title>\n<meta name=\"robots\" content=\"index, follow, max-snippet:-1, max-image-preview:large, max-video-preview:-1\" \/>\n<link rel=\"canonical\" href=\"https:\/\/cadr.redemptor.pl\/brzegi\/o-nas\/\" \/>\n<meta property=\"og:locale\" content=\"pl_PL\" \/>\n<meta property=\"og:type\" content=\"article\" \/>\n<meta property=\"og:title\" content=\"O Nas - CADR Brzegi\" \/>\n<meta property=\"og:description\" content=\"Rekolekcje Miejsce na rekolekcje dla student\u00f3w na Ryniasie \u201eodkry\u0142\u201d w latach siedemdziesi\u0105tych S\u0142uga Bo\u017cy ks. Franciszek Blachnicki, kt\u00f3ry szuka\u0142 miejsca na duchowy odpoczynek dla studenckich grup ruchu \u015awiat\u0142o \u2013 \u017bycie. &hellip; Czytaj dalej \u201eO Nas\u201d\" \/>\n<meta property=\"og:url\" content=\"https:\/\/cadr.redemptor.pl\/brzegi\/o-nas\/\" \/>\n<meta property=\"og:site_name\" content=\"CADR Brzegi\" \/>\n<meta property=\"article:modified_time\" content=\"2018-09-03T12:37:52+00:00\" \/>\n<meta name=\"twitter:card\" content=\"summary_large_image\" \/>\n<meta name=\"twitter:label1\" content=\"Szacowany czas czytania\" \/>\n\t<meta name=\"twitter:data1\" content=\"3 minuty\" \/>\n<script type=\"application\/ld+json\" class=\"yoast-schema-graph\">{\"@context\":\"https:\\\/\\\/schema.org\",\"@graph\":[{\"@type\":\"WebPage\",\"@id\":\"https:\\\/\\\/cadr.redemptor.pl\\\/brzegi\\\/o-nas\\\/\",\"url\":\"https:\\\/\\\/cadr.redemptor.pl\\\/brzegi\\\/o-nas\\\/\",\"name\":\"O Nas - CADR Brzegi\",\"isPartOf\":{\"@id\":\"https:\\\/\\\/cadr.redemptor.pl\\\/brzegi\\\/#website\"},\"datePublished\":\"2018-09-03T12:32:42+00:00\",\"dateModified\":\"2018-09-03T12:37:52+00:00\",\"breadcrumb\":{\"@id\":\"https:\\\/\\\/cadr.redemptor.pl\\\/brzegi\\\/o-nas\\\/#breadcrumb\"},\"inLanguage\":\"pl-PL\",\"potentialAction\":[{\"@type\":\"ReadAction\",\"target\":[\"https:\\\/\\\/cadr.redemptor.pl\\\/brzegi\\\/o-nas\\\/\"]}]},{\"@type\":\"BreadcrumbList\",\"@id\":\"https:\\\/\\\/cadr.redemptor.pl\\\/brzegi\\\/o-nas\\\/#breadcrumb\",\"itemListElement\":[{\"@type\":\"ListItem\",\"position\":1,\"name\":\"Strona g\u0142\u00f3wna\",\"item\":\"https:\\\/\\\/cadr.redemptor.pl\\\/brzegi\\\/\"},{\"@type\":\"ListItem\",\"position\":2,\"name\":\"O Nas\"}]},{\"@type\":\"WebSite\",\"@id\":\"https:\\\/\\\/cadr.redemptor.pl\\\/brzegi\\\/#website\",\"url\":\"https:\\\/\\\/cadr.redemptor.pl\\\/brzegi\\\/\",\"name\":\"CADR Brzegi\",\"description\":\"O\u015brodek Rekolekcyjny Matki Bo\u017cej z G\u00f3r\",\"potentialAction\":[{\"@type\":\"SearchAction\",\"target\":{\"@type\":\"EntryPoint\",\"urlTemplate\":\"https:\\\/\\\/cadr.redemptor.pl\\\/brzegi\\\/?s={search_term_string}\"},\"query-input\":{\"@type\":\"PropertyValueSpecification\",\"valueRequired\":true,\"valueName\":\"search_term_string\"}}],\"inLanguage\":\"pl-PL\"}]}<\/script>\n<!-- \/ Yoast SEO plugin. -->","yoast_head_json":{"title":"O Nas - CADR Brzegi","robots":{"index":"index","follow":"follow","max-snippet":"max-snippet:-1","max-image-preview":"max-image-preview:large","max-video-preview":"max-video-preview:-1"},"canonical":"https:\/\/cadr.redemptor.pl\/brzegi\/o-nas\/","og_locale":"pl_PL","og_type":"article","og_title":"O Nas - CADR Brzegi","og_description":"Rekolekcje Miejsce na rekolekcje dla student\u00f3w na Ryniasie \u201eodkry\u0142\u201d w latach siedemdziesi\u0105tych S\u0142uga Bo\u017cy ks. Franciszek Blachnicki, kt\u00f3ry szuka\u0142 miejsca na duchowy odpoczynek dla studenckich grup ruchu \u015awiat\u0142o \u2013 \u017bycie. &hellip; Czytaj dalej \u201eO Nas\u201d","og_url":"https:\/\/cadr.redemptor.pl\/brzegi\/o-nas\/","og_site_name":"CADR Brzegi","article_modified_time":"2018-09-03T12:37:52+00:00","twitter_card":"summary_large_image","twitter_misc":{"Szacowany czas czytania":"3 minuty"},"schema":{"@context":"https:\/\/schema.org","@graph":[{"@type":"WebPage","@id":"https:\/\/cadr.redemptor.pl\/brzegi\/o-nas\/","url":"https:\/\/cadr.redemptor.pl\/brzegi\/o-nas\/","name":"O Nas - CADR Brzegi","isPartOf":{"@id":"https:\/\/cadr.redemptor.pl\/brzegi\/#website"},"datePublished":"2018-09-03T12:32:42+00:00","dateModified":"2018-09-03T12:37:52+00:00","breadcrumb":{"@id":"https:\/\/cadr.redemptor.pl\/brzegi\/o-nas\/#breadcrumb"},"inLanguage":"pl-PL","potentialAction":[{"@type":"ReadAction","target":["https:\/\/cadr.redemptor.pl\/brzegi\/o-nas\/"]}]},{"@type":"BreadcrumbList","@id":"https:\/\/cadr.redemptor.pl\/brzegi\/o-nas\/#breadcrumb","itemListElement":[{"@type":"ListItem","position":1,"name":"Strona g\u0142\u00f3wna","item":"https:\/\/cadr.redemptor.pl\/brzegi\/"},{"@type":"ListItem","position":2,"name":"O Nas"}]},{"@type":"WebSite","@id":"https:\/\/cadr.redemptor.pl\/brzegi\/#website","url":"https:\/\/cadr.redemptor.pl\/brzegi\/","name":"CADR Brzegi","description":"O\u015brodek Rekolekcyjny Matki Bo\u017cej z G\u00f3r","potentialAction":[{"@type":"SearchAction","target":{"@type":"EntryPoint","urlTemplate":"https:\/\/cadr.redemptor.pl\/brzegi\/?s={search_term_string}"},"query-input":{"@type":"PropertyValueSpecification","valueRequired":true,"valueName":"search_term_string"}}],"inLanguage":"pl-PL"}]}},"jetpack_sharing_enabled":true,"jetpack_shortlink":"https:\/\/wp.me\/P7QzJJ-8m","jetpack-related-posts":[{"id":2139,"url":"https:\/\/cadr.redemptor.pl\/brzegi\/regulamin-zapisow-na-rekolekcje\/","url_meta":{"origin":518,"position":0},"title":"REGULAMIN ZAPIS\u00d3W NA REKOLEKCJE","author":"CADR Brzegi-Rynias","date":"19 stycznia 2026","format":false,"excerpt":"\u00a71. Postanowienia og\u00f3lne 1. Niniejszy Regulamin okre\u015bla zasady zg\u0142osze\u0144 oraz warunki rezygnacji z udzia\u0142u w rekolekcjach organizowanych przez O\u015brodek Rekolekcyjny Matki Bo\u017cej z G\u00f3r na Ryniasie. 2. Dokonanie zg\u0142oszenia poprzez formularz oznacza zapoznanie si\u0119 z Regulaminem i jego akceptacj\u0119. \u00a72. Zg\u0142oszenie i rezerwacja 1. Zg\u0142oszenie udzia\u0142u w rekolekcjach nast\u0119puje poprzez\u2026","rel":"","context":"Podobny wpis","block_context":{"text":"Podobny wpis","link":""},"img":{"alt_text":"","src":"","width":0,"height":0},"classes":[]},{"id":29,"url":"https:\/\/cadr.redemptor.pl\/brzegi\/dla-ducha\/","url_meta":{"origin":518,"position":1},"title":"Dla ducha","author":"CADR","date":"2 wrze\u015bnia 2016","format":false,"excerpt":"Odpocz\u0105\u0107, to znaczy pocz\u0105\u0107 na nowo O\u015brodek Rekolekcyjny Matki Bo\u017cej z G\u00f3r na Ryniasie \u00a0jest miejscem\u00a0odpoczynku.\u00a0 Po\u0142o\u017cony jest w miejscowo\u015bci Brzegi ko\u0142o Bukowiny Tatrza\u0144skiej na g\u00f3rskiej polanie Rynias. Pi\u0119kno przyrody, panorama g\u00f3r i cisza, kt\u00f3rej nic nie zak\u0142\u00f3ca sprawia, \u017ce jest to miejsce gdzie mo\u017cna wyciszy\u0107 si\u0119 i w tej\u2026","rel":"","context":"Podobny wpis","block_context":{"text":"Podobny wpis","link":""},"img":{"alt_text":"","src":"https:\/\/i0.wp.com\/cadr.redemptor.pl\/brzegi\/wp-content\/uploads\/sites\/3\/2016\/09\/Panorama-2.jpg?resize=350%2C200","width":350,"height":200,"srcset":"https:\/\/i0.wp.com\/cadr.redemptor.pl\/brzegi\/wp-content\/uploads\/sites\/3\/2016\/09\/Panorama-2.jpg?resize=350%2C200 1x, https:\/\/i0.wp.com\/cadr.redemptor.pl\/brzegi\/wp-content\/uploads\/sites\/3\/2016\/09\/Panorama-2.jpg?resize=525%2C300 1.5x"},"classes":[]},{"id":34,"url":"https:\/\/cadr.redemptor.pl\/brzegi\/dojazd\/","url_meta":{"origin":518,"position":2},"title":"Dojazd","author":"CADR","date":"2 wrze\u015bnia 2016","format":false,"excerpt":"Jak do nas dojecha\u0107? Dojazd do Brzeg\u00f3w \u2013 Polana Rynias samochodem Na polan\u0119 Rynias, gdzie znajduje si\u0119 o\u015brodek rekolekcyjnym mo\u017cna dojecha\u0107 samochodem osobowym. Nale\u017cy jednak uwa\u017ca\u0107, je\u017celi samoch\u00f3d posiada niskie zawieszenie. Czasami jest konieczne, aby w miejscach, gdzie droga jest wy\u017c\u0142obiona przez wod\u0119 pasa\u017cerowie wysiedli, aby podwozie nie zaczepia\u0142o o\u2026","rel":"","context":"Podobny wpis","block_context":{"text":"Podobny wpis","link":""},"img":{"alt_text":"","src":"","width":0,"height":0},"classes":[]},{"id":459,"url":"https:\/\/cadr.redemptor.pl\/brzegi\/wiersze\/","url_meta":{"origin":518,"position":3},"title":"Wiersze","author":"CADR","date":"20 maja 2018","format":false,"excerpt":"Wielu uczestnik\u00f3w rekolekcji na Ryniasie do\u015bwiadczy\u0142o tutaj mocy dzia\u0142ania Boga.\u00a0 Jednymi z takich \u015bwiadectw s\u0105 wiersze, kt\u00f3re w spos\u00f3b prosty lecz g\u0142\u0119boki wyra\u017caj\u0105 to do\u015bwiadczenie. Maryja - Matka Bo\u017ca z g\u00f3r Mi\u0119dzy u\u015bmiechem nieba a cieniem Mi\u0119dzy dramatem a ukojeniem Na \u0142\u0105kach, drogach, tam gdzie zagrody Jest Ona, Matka, Kr\u00f3lowa\u2026","rel":"","context":"Podobny wpis","block_context":{"text":"Podobny wpis","link":""},"img":{"alt_text":"","src":"","width":0,"height":0},"classes":[]},{"id":622,"url":"https:\/\/cadr.redemptor.pl\/brzegi\/rodo-cadr-brzegi\/","url_meta":{"origin":518,"position":4},"title":"RODO CADR Brzegi","author":"CADR","date":"31 grudnia 2018","format":false,"excerpt":"Klauzula informacyjna dotycz\u0105ca przetwarzania danych Administratorem Pani\/Pana danych jest O\u015brodek Rekolekcyjny Warszawskiej Prowincji Zgromadzenia Naj\u015bwi\u0119tszego Odkupiciela z siedzib\u0105: Brzegi, ul. Rynias 2,3a; \u00a034-532 Jurg\u00f3w. Zebrane dane b\u0119d\u0105 przetwarzane do momentu wyga\u015bni\u0119cia podstawy prawnej przetwarzania z wy\u0142\u0105czeniem cel\u00f3w statystycznych, archiwalnych i zabezpieczenia przysz\u0142ych roszcze\u0144 administratora danych. Dost\u0119p do danych mog\u0105 mie\u0107\u2026","rel":"","context":"Podobny wpis","block_context":{"text":"Podobny wpis","link":""},"img":{"alt_text":"","src":"","width":0,"height":0},"classes":[]},{"id":6,"url":"https:\/\/cadr.redemptor.pl\/brzegi\/kontakt\/","url_meta":{"origin":518,"position":5},"title":"Kontakt","author":"CADR","date":"29 sierpnia 2016","format":false,"excerpt":"O\u015brodek Rekolekcyjny Matki Bo\u017cej z G\u00f3r Nasz adres O\u015brodek Rekolekcyjny Prowincji Warszawskiej Zgromadzenia Naj\u015bwi\u0119tszego Odkupiciela Brzegi \u2013 Rynias 2,3A; 34-532 Brzegi tel. kom.\u00a0 728 705 470 lub 572 136 887 e-mail: brzeryn23a@gmail.com Bank Pekao SA, Oddzia\u0142 w Krakowie; nr rachunku:\u00a055 1240 4445 1111 0010 5041 8483 Adres do korespondencji O\u015brodek\u2026","rel":"","context":"Podobny wpis","block_context":{"text":"Podobny wpis","link":""},"img":{"alt_text":"","src":"","width":0,"height":0},"classes":[]}],"_links":{"self":[{"href":"https:\/\/cadr.redemptor.pl\/brzegi\/wp-json\/wp\/v2\/pages\/518","targetHints":{"allow":["GET"]}}],"collection":[{"href":"https:\/\/cadr.redemptor.pl\/brzegi\/wp-json\/wp\/v2\/pages"}],"about":[{"href":"https:\/\/cadr.redemptor.pl\/brzegi\/wp-json\/wp\/v2\/types\/page"}],"author":[{"embeddable":true,"href":"https:\/\/cadr.redemptor.pl\/brzegi\/wp-json\/wp\/v2\/users\/1"}],"replies":[{"embeddable":true,"href":"https:\/\/cadr.redemptor.pl\/brzegi\/wp-json\/wp\/v2\/comments?post=518"}],"version-history":[{"count":5,"href":"https:\/\/cadr.redemptor.pl\/brzegi\/wp-json\/wp\/v2\/pages\/518\/revisions"}],"predecessor-version":[{"id":524,"href":"https:\/\/cadr.redemptor.pl\/brzegi\/wp-json\/wp\/v2\/pages\/518\/revisions\/524"}],"wp:attachment":[{"href":"https:\/\/cadr.redemptor.pl\/brzegi\/wp-json\/wp\/v2\/media?parent=518"}],"curies":[{"name":"wp","href":"https:\/\/api.w.org\/{rel}","templated":true}]}}