{"id":6,"date":"2016-08-29T23:00:42","date_gmt":"2016-08-29T21:00:42","guid":{"rendered":"https:\/\/cadr.redemptor.pl\/brzegi\/?page_id=6"},"modified":"2025-07-01T22:48:47","modified_gmt":"2025-07-01T20:48:47","slug":"kontakt","status":"publish","type":"page","link":"https:\/\/cadr.redemptor.pl\/brzegi\/kontakt\/","title":{"rendered":"Kontakt"},"content":{"rendered":"<h3 class=\"p1\">O\u015brodek Rekolekcyjny Matki Bo\u017cej z G\u00f3r<\/h3>\n<h5 class=\"p1\"><b>Nasz adres<\/b><\/h5>\n<p class=\"p2\">O\u015brodek Rekolekcyjny Prowincji Warszawskiej<\/p>\n<p class=\"p2\">Zgromadzenia Naj\u015bwi\u0119tszego Odkupiciela<\/p>\n<p class=\"p2\">Brzegi \u2013 Rynias 2,3A; 34-532 Brzegi<\/p>\n<p class=\"p2\">tel. kom.\u00a0 728 705 470 lub 572 136 887<\/p>\n<p class=\"p2\">e-mail: <a href=\"mailto:brzeryn23a@gmail.com\">brzeryn23a@gmail.com<\/a><\/p>\n<p class=\"p2\">Bank Pekao SA, Oddzia\u0142 w Krakowie; nr rachunku:\u00a055 1240 4445 1111 0010 5041 8483<\/p>\n<h5 class=\"p4\"><b>Adres do korespondencji<\/b><\/h5>\n<p class=\"p2\">O\u015brodek Rekolekcyjny Prowincji Warszawskiej<\/p>\n<p class=\"p2\">Zgromadzenia Naj\u015bwi\u0119tszego Odkupiciela Brzegi \u2013 Rynias<\/p>\n<p class=\"p2\">ul. Wysoka 1<\/p>\n<p class=\"p2\">33-170 Tuch\u00f3w<\/p>\n<h5><a href=\"https:\/\/cadr.redemptor.pl\/brzegi\/rodo-cadr-brzegi\/\" target=\"_blank\" rel=\"noopener\"><strong>Klauzula informacyjna dotycz\u0105ca przetwarzania danych&gt;&gt;&gt;<\/strong><\/a><\/h5>\n","protected":false},"excerpt":{"rendered":"<p>O\u015brodek Rekolekcyjny Matki Bo\u017cej z G\u00f3r Nasz adres O\u015brodek Rekolekcyjny Prowincji Warszawskiej Zgromadzenia Naj\u015bwi\u0119tszego Odkupiciela Brzegi \u2013 Rynias 2,3A; 34-532 Brzegi tel. kom.\u00a0 728 705 470 lub 572 136 887 &hellip; <\/p>\n<p class=\"link-more\"><a href=\"https:\/\/cadr.redemptor.pl\/brzegi\/kontakt\/\" class=\"more-link\">Czytaj dalej<span class=\"screen-reader-text\"> \u201eKontakt\u201d<\/span><\/a><\/p>\n","protected":false},"author":1,"featured_media":0,"parent":0,"menu_order":0,"comment_status":"closed","ping_status":"closed","template":"","meta":{"_EventAllDay":false,"_EventTimezone":"","_EventStartDate":"","_EventEndDate":"","_EventStartDateUTC":"","_EventEndDateUTC":"","_EventShowMap":false,"_EventShowMapLink":false,"_EventURL":"","_EventCost":"","_EventCostDescription":"","_EventCurrencySymbol":"","_EventCurrencyCode":"","_EventCurrencyPosition":"","_EventDateTimeSeparator":"","_EventTimeRangeSeparator":"","_EventOrganizerID":[],"_EventVenueID":[],"_OrganizerEmail":"","_OrganizerPhone":"","_OrganizerWebsite":"","_VenueAddress":"","_VenueCity":"","_VenueCountry":"","_VenueProvince":"","_VenueState":"","_VenueZip":"","_VenuePhone":"","_VenueURL":"","_VenueStateProvince":"","_VenueLat":"","_VenueLng":"","_VenueShowMap":false,"_VenueShowMapLink":false,"_themeisle_gutenberg_block_has_review":false,"jetpack_post_was_ever_published":false,"footnotes":""},"class_list":["post-6","page","type-page","status-publish","hentry"],"yoast_head":"<!-- This site is optimized with the Yoast SEO plugin v27.4 - https:\/\/yoast.com\/product\/yoast-seo-wordpress\/ -->\n<title>Kontakt - CADR Brzegi<\/title>\n<meta name=\"robots\" content=\"index, follow, max-snippet:-1, max-image-preview:large, max-video-preview:-1\" \/>\n<link rel=\"canonical\" href=\"https:\/\/cadr.redemptor.pl\/brzegi\/kontakt\/\" \/>\n<meta property=\"og:locale\" content=\"pl_PL\" \/>\n<meta property=\"og:type\" content=\"article\" \/>\n<meta property=\"og:title\" content=\"Kontakt - CADR Brzegi\" \/>\n<meta property=\"og:description\" content=\"O\u015brodek Rekolekcyjny Matki Bo\u017cej z G\u00f3r Nasz adres O\u015brodek Rekolekcyjny Prowincji Warszawskiej Zgromadzenia Naj\u015bwi\u0119tszego Odkupiciela Brzegi \u2013 Rynias 2,3A; 34-532 Brzegi tel. kom.\u00a0 728 705 470 lub 572 136 887 &hellip; Czytaj dalej \u201eKontakt\u201d\" \/>\n<meta property=\"og:url\" content=\"https:\/\/cadr.redemptor.pl\/brzegi\/kontakt\/\" \/>\n<meta property=\"og:site_name\" content=\"CADR Brzegi\" \/>\n<meta property=\"article:modified_time\" content=\"2025-07-01T20:48:47+00:00\" \/>\n<meta name=\"twitter:card\" content=\"summary_large_image\" \/>\n<meta name=\"twitter:label1\" content=\"Szacowany czas czytania\" \/>\n\t<meta name=\"twitter:data1\" content=\"1 minuta\" \/>\n<script type=\"application\/ld+json\" class=\"yoast-schema-graph\">{\"@context\":\"https:\\\/\\\/schema.org\",\"@graph\":[{\"@type\":\"WebPage\",\"@id\":\"https:\\\/\\\/cadr.redemptor.pl\\\/brzegi\\\/kontakt\\\/\",\"url\":\"https:\\\/\\\/cadr.redemptor.pl\\\/brzegi\\\/kontakt\\\/\",\"name\":\"Kontakt - CADR Brzegi\",\"isPartOf\":{\"@id\":\"https:\\\/\\\/cadr.redemptor.pl\\\/brzegi\\\/#website\"},\"datePublished\":\"2016-08-29T21:00:42+00:00\",\"dateModified\":\"2025-07-01T20:48:47+00:00\",\"breadcrumb\":{\"@id\":\"https:\\\/\\\/cadr.redemptor.pl\\\/brzegi\\\/kontakt\\\/#breadcrumb\"},\"inLanguage\":\"pl-PL\",\"potentialAction\":[{\"@type\":\"ReadAction\",\"target\":[\"https:\\\/\\\/cadr.redemptor.pl\\\/brzegi\\\/kontakt\\\/\"]}]},{\"@type\":\"BreadcrumbList\",\"@id\":\"https:\\\/\\\/cadr.redemptor.pl\\\/brzegi\\\/kontakt\\\/#breadcrumb\",\"itemListElement\":[{\"@type\":\"ListItem\",\"position\":1,\"name\":\"Strona g\u0142\u00f3wna\",\"item\":\"https:\\\/\\\/cadr.redemptor.pl\\\/brzegi\\\/\"},{\"@type\":\"ListItem\",\"position\":2,\"name\":\"Kontakt\"}]},{\"@type\":\"WebSite\",\"@id\":\"https:\\\/\\\/cadr.redemptor.pl\\\/brzegi\\\/#website\",\"url\":\"https:\\\/\\\/cadr.redemptor.pl\\\/brzegi\\\/\",\"name\":\"CADR Brzegi\",\"description\":\"O\u015brodek Rekolekcyjny Matki Bo\u017cej z G\u00f3r\",\"potentialAction\":[{\"@type\":\"SearchAction\",\"target\":{\"@type\":\"EntryPoint\",\"urlTemplate\":\"https:\\\/\\\/cadr.redemptor.pl\\\/brzegi\\\/?s={search_term_string}\"},\"query-input\":{\"@type\":\"PropertyValueSpecification\",\"valueRequired\":true,\"valueName\":\"search_term_string\"}}],\"inLanguage\":\"pl-PL\"}]}<\/script>\n<!-- \/ Yoast SEO plugin. -->","yoast_head_json":{"title":"Kontakt - CADR Brzegi","robots":{"index":"index","follow":"follow","max-snippet":"max-snippet:-1","max-image-preview":"max-image-preview:large","max-video-preview":"max-video-preview:-1"},"canonical":"https:\/\/cadr.redemptor.pl\/brzegi\/kontakt\/","og_locale":"pl_PL","og_type":"article","og_title":"Kontakt - CADR Brzegi","og_description":"O\u015brodek Rekolekcyjny Matki Bo\u017cej z G\u00f3r Nasz adres O\u015brodek Rekolekcyjny Prowincji Warszawskiej Zgromadzenia Naj\u015bwi\u0119tszego Odkupiciela Brzegi \u2013 Rynias 2,3A; 34-532 Brzegi tel. kom.\u00a0 728 705 470 lub 572 136 887 &hellip; Czytaj dalej \u201eKontakt\u201d","og_url":"https:\/\/cadr.redemptor.pl\/brzegi\/kontakt\/","og_site_name":"CADR Brzegi","article_modified_time":"2025-07-01T20:48:47+00:00","twitter_card":"summary_large_image","twitter_misc":{"Szacowany czas czytania":"1 minuta"},"schema":{"@context":"https:\/\/schema.org","@graph":[{"@type":"WebPage","@id":"https:\/\/cadr.redemptor.pl\/brzegi\/kontakt\/","url":"https:\/\/cadr.redemptor.pl\/brzegi\/kontakt\/","name":"Kontakt - CADR Brzegi","isPartOf":{"@id":"https:\/\/cadr.redemptor.pl\/brzegi\/#website"},"datePublished":"2016-08-29T21:00:42+00:00","dateModified":"2025-07-01T20:48:47+00:00","breadcrumb":{"@id":"https:\/\/cadr.redemptor.pl\/brzegi\/kontakt\/#breadcrumb"},"inLanguage":"pl-PL","potentialAction":[{"@type":"ReadAction","target":["https:\/\/cadr.redemptor.pl\/brzegi\/kontakt\/"]}]},{"@type":"BreadcrumbList","@id":"https:\/\/cadr.redemptor.pl\/brzegi\/kontakt\/#breadcrumb","itemListElement":[{"@type":"ListItem","position":1,"name":"Strona g\u0142\u00f3wna","item":"https:\/\/cadr.redemptor.pl\/brzegi\/"},{"@type":"ListItem","position":2,"name":"Kontakt"}]},{"@type":"WebSite","@id":"https:\/\/cadr.redemptor.pl\/brzegi\/#website","url":"https:\/\/cadr.redemptor.pl\/brzegi\/","name":"CADR Brzegi","description":"O\u015brodek Rekolekcyjny Matki Bo\u017cej z G\u00f3r","potentialAction":[{"@type":"SearchAction","target":{"@type":"EntryPoint","urlTemplate":"https:\/\/cadr.redemptor.pl\/brzegi\/?s={search_term_string}"},"query-input":{"@type":"PropertyValueSpecification","valueRequired":true,"valueName":"search_term_string"}}],"inLanguage":"pl-PL"}]}},"jetpack_sharing_enabled":true,"jetpack_shortlink":"https:\/\/wp.me\/P7QzJJ-6","jetpack-related-posts":[{"id":622,"url":"https:\/\/cadr.redemptor.pl\/brzegi\/rodo-cadr-brzegi\/","url_meta":{"origin":6,"position":0},"title":"RODO CADR Brzegi","author":"CADR","date":"31 grudnia 2018","format":false,"excerpt":"Klauzula informacyjna dotycz\u0105ca przetwarzania danych Administratorem Pani\/Pana danych jest O\u015brodek Rekolekcyjny Warszawskiej Prowincji Zgromadzenia Naj\u015bwi\u0119tszego Odkupiciela z siedzib\u0105: Brzegi, ul. Rynias 2,3a; \u00a034-532 Jurg\u00f3w. Zebrane dane b\u0119d\u0105 przetwarzane do momentu wyga\u015bni\u0119cia podstawy prawnej przetwarzania z wy\u0142\u0105czeniem cel\u00f3w statystycznych, archiwalnych i zabezpieczenia przysz\u0142ych roszcze\u0144 administratora danych. Dost\u0119p do danych mog\u0105 mie\u0107\u2026","rel":"","context":"Podobny wpis","block_context":{"text":"Podobny wpis","link":""},"img":{"alt_text":"","src":"","width":0,"height":0},"classes":[]},{"id":2139,"url":"https:\/\/cadr.redemptor.pl\/brzegi\/regulamin-zapisow-na-rekolekcje\/","url_meta":{"origin":6,"position":1},"title":"REGULAMIN ZAPIS\u00d3W NA REKOLEKCJE","author":"CADR Brzegi-Rynias","date":"19 stycznia 2026","format":false,"excerpt":"\u00a71. Postanowienia og\u00f3lne 1. Niniejszy Regulamin okre\u015bla zasady zg\u0142osze\u0144 oraz warunki rezygnacji z udzia\u0142u w rekolekcjach organizowanych przez O\u015brodek Rekolekcyjny Matki Bo\u017cej z G\u00f3r na Ryniasie. 2. Dokonanie zg\u0142oszenia poprzez formularz oznacza zapoznanie si\u0119 z Regulaminem i jego akceptacj\u0119. \u00a72. Zg\u0142oszenie i rezerwacja 1. Zg\u0142oszenie udzia\u0142u w rekolekcjach nast\u0119puje poprzez\u2026","rel":"","context":"Podobny wpis","block_context":{"text":"Podobny wpis","link":""},"img":{"alt_text":"","src":"","width":0,"height":0},"classes":[]},{"id":29,"url":"https:\/\/cadr.redemptor.pl\/brzegi\/dla-ducha\/","url_meta":{"origin":6,"position":2},"title":"Dla ducha","author":"CADR","date":"2 wrze\u015bnia 2016","format":false,"excerpt":"Odpocz\u0105\u0107, to znaczy pocz\u0105\u0107 na nowo O\u015brodek Rekolekcyjny Matki Bo\u017cej z G\u00f3r na Ryniasie \u00a0jest miejscem\u00a0odpoczynku.\u00a0 Po\u0142o\u017cony jest w miejscowo\u015bci Brzegi ko\u0142o Bukowiny Tatrza\u0144skiej na g\u00f3rskiej polanie Rynias. Pi\u0119kno przyrody, panorama g\u00f3r i cisza, kt\u00f3rej nic nie zak\u0142\u00f3ca sprawia, \u017ce jest to miejsce gdzie mo\u017cna wyciszy\u0107 si\u0119 i w tej\u2026","rel":"","context":"Podobny wpis","block_context":{"text":"Podobny wpis","link":""},"img":{"alt_text":"","src":"https:\/\/i0.wp.com\/cadr.redemptor.pl\/brzegi\/wp-content\/uploads\/sites\/3\/2016\/09\/Panorama-2.jpg?resize=350%2C200","width":350,"height":200,"srcset":"https:\/\/i0.wp.com\/cadr.redemptor.pl\/brzegi\/wp-content\/uploads\/sites\/3\/2016\/09\/Panorama-2.jpg?resize=350%2C200 1x, https:\/\/i0.wp.com\/cadr.redemptor.pl\/brzegi\/wp-content\/uploads\/sites\/3\/2016\/09\/Panorama-2.jpg?resize=525%2C300 1.5x"},"classes":[]},{"id":518,"url":"https:\/\/cadr.redemptor.pl\/brzegi\/o-nas\/","url_meta":{"origin":6,"position":3},"title":"O Nas","author":"CADR","date":"3 wrze\u015bnia 2018","format":false,"excerpt":"Rekolekcje Miejsce na rekolekcje dla student\u00f3w na Ryniasie \u201eodkry\u0142\u201d w latach siedemdziesi\u0105tych S\u0142uga Bo\u017cy ks. Franciszek Blachnicki, kt\u00f3ry szuka\u0142 miejsca na duchowy odpoczynek dla studenckich grup ruchu \u015awiat\u0142o \u2013 \u017bycie. Pierwsze rekolekcje odby\u0142y si\u0119 tu w lipcu 1976 roku. Rekolekcje prowadzone by\u0142y w wynajmowanych pomieszczeniach dom\u00f3w rodzin Michalik\u00f3w, Flork\u00f3w, Chowa\u0144c\u00f3w\u2026","rel":"","context":"Podobny wpis","block_context":{"text":"Podobny wpis","link":""},"img":{"alt_text":"","src":"","width":0,"height":0},"classes":[]},{"id":34,"url":"https:\/\/cadr.redemptor.pl\/brzegi\/dojazd\/","url_meta":{"origin":6,"position":4},"title":"Dojazd","author":"CADR","date":"2 wrze\u015bnia 2016","format":false,"excerpt":"Jak do nas dojecha\u0107? Dojazd do Brzeg\u00f3w \u2013 Polana Rynias samochodem Na polan\u0119 Rynias, gdzie znajduje si\u0119 o\u015brodek rekolekcyjnym mo\u017cna dojecha\u0107 samochodem osobowym. Nale\u017cy jednak uwa\u017ca\u0107, je\u017celi samoch\u00f3d posiada niskie zawieszenie. Czasami jest konieczne, aby w miejscach, gdzie droga jest wy\u017c\u0142obiona przez wod\u0119 pasa\u017cerowie wysiedli, aby podwozie nie zaczepia\u0142o o\u2026","rel":"","context":"Podobny wpis","block_context":{"text":"Podobny wpis","link":""},"img":{"alt_text":"","src":"","width":0,"height":0},"classes":[]},{"id":459,"url":"https:\/\/cadr.redemptor.pl\/brzegi\/wiersze\/","url_meta":{"origin":6,"position":5},"title":"Wiersze","author":"CADR","date":"20 maja 2018","format":false,"excerpt":"Wielu uczestnik\u00f3w rekolekcji na Ryniasie do\u015bwiadczy\u0142o tutaj mocy dzia\u0142ania Boga.\u00a0 Jednymi z takich \u015bwiadectw s\u0105 wiersze, kt\u00f3re w spos\u00f3b prosty lecz g\u0142\u0119boki wyra\u017caj\u0105 to do\u015bwiadczenie. Maryja - Matka Bo\u017ca z g\u00f3r Mi\u0119dzy u\u015bmiechem nieba a cieniem Mi\u0119dzy dramatem a ukojeniem Na \u0142\u0105kach, drogach, tam gdzie zagrody Jest Ona, Matka, Kr\u00f3lowa\u2026","rel":"","context":"Podobny wpis","block_context":{"text":"Podobny wpis","link":""},"img":{"alt_text":"","src":"","width":0,"height":0},"classes":[]}],"_links":{"self":[{"href":"https:\/\/cadr.redemptor.pl\/brzegi\/wp-json\/wp\/v2\/pages\/6","targetHints":{"allow":["GET"]}}],"collection":[{"href":"https:\/\/cadr.redemptor.pl\/brzegi\/wp-json\/wp\/v2\/pages"}],"about":[{"href":"https:\/\/cadr.redemptor.pl\/brzegi\/wp-json\/wp\/v2\/types\/page"}],"author":[{"embeddable":true,"href":"https:\/\/cadr.redemptor.pl\/brzegi\/wp-json\/wp\/v2\/users\/1"}],"replies":[{"embeddable":true,"href":"https:\/\/cadr.redemptor.pl\/brzegi\/wp-json\/wp\/v2\/comments?post=6"}],"version-history":[{"count":11,"href":"https:\/\/cadr.redemptor.pl\/brzegi\/wp-json\/wp\/v2\/pages\/6\/revisions"}],"predecessor-version":[{"id":2029,"href":"https:\/\/cadr.redemptor.pl\/brzegi\/wp-json\/wp\/v2\/pages\/6\/revisions\/2029"}],"wp:attachment":[{"href":"https:\/\/cadr.redemptor.pl\/brzegi\/wp-json\/wp\/v2\/media?parent=6"}],"curies":[{"name":"wp","href":"https:\/\/api.w.org\/{rel}","templated":true}]}}