{"id":40,"date":"2016-10-22T17:12:00","date_gmt":"2016-10-22T15:12:00","guid":{"rendered":"https:\/\/cadr.redemptor.pl\/lomnica\/?page_id=40"},"modified":"2025-02-03T19:19:34","modified_gmt":"2025-02-03T18:19:34","slug":"opis-domu","status":"publish","type":"page","link":"https:\/\/cadr.redemptor.pl\/lomnica\/opis-domu\/","title":{"rendered":"Opis domu"},"content":{"rendered":"\n<p>Warunki skromne, rodzinne, ale z  przyjazn\u0105 atmosfer\u0105.<\/p>\n\n\n\n<p><span style=\"color: #000000\">Dom zosta\u0142 zbudowany w 1931 roku. Parter jest murowany, natomiast pierwsze i drugie pi\u0119tro drewniane. Do dyspozycji Go\u015bci jest kaplica, jadalnia, kuchnia, pok\u00f3j rekreacyjny z kominkiem, sauna, \u0142azienki wsp\u00f3lne oraz 11 pokoi z tapczanikami i umywalkami z ciep\u0142\u0105 wod\u0105 na 28 os\u00f3b: trzy pokoje dwuosobowe; siedem &#8211; trzyosobowych, jeden jednoosobowy. Oferujemy pe\u0142ne wy\u017cywienie, z domow\u0105 kuchni\u0105.<\/span><\/p>\n\n\n\n<div class=\"wp-block-jetpack-tiled-gallery aligncenter is-style-rectangular\"><div class=\"\"><div class=\"tiled-gallery__gallery\"><div class=\"tiled-gallery__row\"><div class=\"tiled-gallery__col\" style=\"flex-basis:72.41869%\"><figure class=\"tiled-gallery__item\"><a href=\"https:\/\/cadr.redemptor.pl\/lomnica\/wp-content\/uploads\/sites\/5\/2016\/10\/adoracja-Jezus-Panem-1-1024x685.jpg\"><img decoding=\"async\" srcset=\"https:\/\/i0.wp.com\/cadr.redemptor.pl\/lomnica\/wp-content\/uploads\/sites\/5\/2016\/10\/adoracja-Jezus-Panem-1-1024x685.jpg?strip=info&#038;w=600&#038;ssl=1 600w,https:\/\/i0.wp.com\/cadr.redemptor.pl\/lomnica\/wp-content\/uploads\/sites\/5\/2016\/10\/adoracja-Jezus-Panem-1-1024x685.jpg?strip=info&#038;w=900&#038;ssl=1 900w,https:\/\/i0.wp.com\/cadr.redemptor.pl\/lomnica\/wp-content\/uploads\/sites\/5\/2016\/10\/adoracja-Jezus-Panem-1-1024x685.jpg?strip=info&#038;w=1140&#038;ssl=1 1140w\" alt=\"\" data-height=\"763\" data-id=\"89\" data-link=\"https:\/\/cadr.redemptor.pl\/lomnica\/oferta\/sony-dsc\/\" data-url=\"https:\/\/cadr.redemptor.pl\/lomnica\/wp-content\/uploads\/sites\/5\/2016\/10\/adoracja-Jezus-Panem-1-1024x685.jpg\" data-width=\"1140\" src=\"https:\/\/i0.wp.com\/cadr.redemptor.pl\/lomnica\/wp-content\/uploads\/sites\/5\/2016\/10\/adoracja-Jezus-Panem-1-1024x685.jpg?ssl=1\" data-amp-layout=\"responsive\" role=\"button\" aria-label=\"Open image 1 of 3 in full-screen\" \/><\/a><\/figure><\/div><div class=\"tiled-gallery__col\" style=\"flex-basis:27.58131%\"><figure class=\"tiled-gallery__item\"><a href=\"https:\/\/cadr.redemptor.pl\/lomnica\/wp-content\/uploads\/sites\/5\/2016\/10\/cropped-baner4-2.jpg\"><img decoding=\"async\" srcset=\"https:\/\/i0.wp.com\/cadr.redemptor.pl\/lomnica\/wp-content\/uploads\/sites\/5\/2016\/10\/cropped-baner4-2.jpg?strip=info&#038;w=512&#038;ssl=1 512w\" alt=\"\" data-height=\"512\" data-id=\"78\" data-link=\"https:\/\/cadr.redemptor.pl\/lomnica\/2016\/10\/24\/dom-rekolekcyjny-redemptorystow\/cropped-baner4-2-jpg\/\" data-url=\"https:\/\/cadr.redemptor.pl\/lomnica\/wp-content\/uploads\/sites\/5\/2016\/10\/cropped-baner4-2.jpg\" data-width=\"512\" src=\"https:\/\/i0.wp.com\/cadr.redemptor.pl\/lomnica\/wp-content\/uploads\/sites\/5\/2016\/10\/cropped-baner4-2.jpg?ssl=1\" data-amp-layout=\"responsive\" role=\"button\" aria-label=\"Open image 2 of 3 in full-screen\" \/><\/a><\/figure><figure class=\"tiled-gallery__item\"><a href=\"https:\/\/cadr.redemptor.pl\/lomnica\/wp-content\/uploads\/sites\/5\/2016\/10\/oazaa-1.jpg\"><img decoding=\"async\" srcset=\"https:\/\/i0.wp.com\/cadr.redemptor.pl\/lomnica\/wp-content\/uploads\/sites\/5\/2016\/10\/oazaa-1.jpg?strip=info&#038;w=160&#038;ssl=1 160w\" alt=\"\" data-height=\"120\" data-id=\"72\" data-link=\"https:\/\/cadr.redemptor.pl\/lomnica\/wspomnienia\/oazaa-1\/\" data-url=\"https:\/\/cadr.redemptor.pl\/lomnica\/wp-content\/uploads\/sites\/5\/2016\/10\/oazaa-1.jpg\" data-width=\"160\" src=\"https:\/\/i0.wp.com\/cadr.redemptor.pl\/lomnica\/wp-content\/uploads\/sites\/5\/2016\/10\/oazaa-1.jpg?ssl=1\" data-amp-layout=\"responsive\" role=\"button\" aria-label=\"Open image 3 of 3 in full-screen\" \/><\/a><\/figure><\/div><\/div><\/div><\/div><\/div>\n\n\n\n<p>Zapraszamy!<\/p>\n","protected":false},"excerpt":{"rendered":"<p>Warunki skromne, rodzinne, ale z przyjazn\u0105 atmosfer\u0105. Dom zosta\u0142 zbudowany w 1931 roku. Parter jest murowany, natomiast pierwsze i drugie pi\u0119tro drewniane. Do dyspozycji Go\u015bci jest kaplica, jadalnia, kuchnia, pok\u00f3j &hellip; <\/p>\n<p class=\"link-more\"><a href=\"https:\/\/cadr.redemptor.pl\/lomnica\/opis-domu\/\" class=\"more-link\">Czytaj dalej<span class=\"screen-reader-text\"> \u201eOpis domu\u201d<\/span><\/a><\/p>\n","protected":false},"author":3,"featured_media":0,"parent":0,"menu_order":0,"comment_status":"closed","ping_status":"closed","template":"","meta":{"_EventAllDay":false,"_EventTimezone":"","_EventStartDate":"","_EventEndDate":"","_EventStartDateUTC":"","_EventEndDateUTC":"","_EventShowMap":false,"_EventShowMapLink":false,"_EventURL":"","_EventCost":"","_EventCostDescription":"","_EventCurrencySymbol":"","_EventCurrencyCode":"","_EventCurrencyPosition":"","_EventDateTimeSeparator":"","_EventTimeRangeSeparator":"","_EventOrganizerID":[],"_EventVenueID":[],"_OrganizerEmail":"","_OrganizerPhone":"","_OrganizerWebsite":"","_VenueAddress":"","_VenueCity":"","_VenueCountry":"","_VenueProvince":"","_VenueState":"","_VenueZip":"","_VenuePhone":"","_VenueURL":"","_VenueStateProvince":"","_VenueLat":"","_VenueLng":"","_VenueShowMap":false,"_VenueShowMapLink":false,"_themeisle_gutenberg_block_has_review":false,"jetpack_post_was_ever_published":false,"footnotes":""},"class_list":["post-40","page","type-page","status-publish","hentry"],"yoast_head":"<!-- This site is optimized with the Yoast SEO plugin v27.5 - https:\/\/yoast.com\/product\/yoast-seo-wordpress\/ -->\n<title>Opis domu - CADR \u0141omnica Zdr\u00f3j<\/title>\n<meta name=\"robots\" content=\"index, follow, max-snippet:-1, max-image-preview:large, max-video-preview:-1\" \/>\n<link rel=\"canonical\" href=\"https:\/\/cadr.redemptor.pl\/lomnica\/opis-domu\/\" \/>\n<meta property=\"og:locale\" content=\"pl_PL\" \/>\n<meta property=\"og:type\" content=\"article\" \/>\n<meta property=\"og:title\" content=\"Opis domu - CADR \u0141omnica Zdr\u00f3j\" \/>\n<meta property=\"og:description\" content=\"Warunki skromne, rodzinne, ale z przyjazn\u0105 atmosfer\u0105. Dom zosta\u0142 zbudowany w 1931 roku. Parter jest murowany, natomiast pierwsze i drugie pi\u0119tro drewniane. Do dyspozycji Go\u015bci jest kaplica, jadalnia, kuchnia, pok\u00f3j &hellip; Czytaj dalej \u201eOpis domu\u201d\" \/>\n<meta property=\"og:url\" content=\"https:\/\/cadr.redemptor.pl\/lomnica\/opis-domu\/\" \/>\n<meta property=\"og:site_name\" content=\"CADR \u0141omnica Zdr\u00f3j\" \/>\n<meta property=\"article:modified_time\" content=\"2025-02-03T18:19:34+00:00\" \/>\n<meta property=\"og:image\" content=\"https:\/\/i0.wp.com\/cadr.redemptor.pl\/lomnica\/wp-content\/uploads\/sites\/5\/2016\/10\/adoracja-Jezus-Panem-1-1024x685.jpg?ssl=1\" \/>\n<meta name=\"twitter:card\" content=\"summary_large_image\" \/>\n<script type=\"application\/ld+json\" class=\"yoast-schema-graph\">{\"@context\":\"https:\\\/\\\/schema.org\",\"@graph\":[{\"@type\":\"WebPage\",\"@id\":\"https:\\\/\\\/cadr.redemptor.pl\\\/lomnica\\\/opis-domu\\\/\",\"url\":\"https:\\\/\\\/cadr.redemptor.pl\\\/lomnica\\\/opis-domu\\\/\",\"name\":\"Opis domu - CADR \u0141omnica Zdr\u00f3j\",\"isPartOf\":{\"@id\":\"https:\\\/\\\/cadr.redemptor.pl\\\/lomnica\\\/#website\"},\"primaryImageOfPage\":{\"@id\":\"https:\\\/\\\/cadr.redemptor.pl\\\/lomnica\\\/opis-domu\\\/#primaryimage\"},\"image\":{\"@id\":\"https:\\\/\\\/cadr.redemptor.pl\\\/lomnica\\\/opis-domu\\\/#primaryimage\"},\"thumbnailUrl\":\"https:\\\/\\\/i0.wp.com\\\/cadr.redemptor.pl\\\/lomnica\\\/wp-content\\\/uploads\\\/sites\\\/5\\\/2016\\\/10\\\/adoracja-Jezus-Panem-1-1024x685.jpg?ssl=1\",\"datePublished\":\"2016-10-22T15:12:00+00:00\",\"dateModified\":\"2025-02-03T18:19:34+00:00\",\"breadcrumb\":{\"@id\":\"https:\\\/\\\/cadr.redemptor.pl\\\/lomnica\\\/opis-domu\\\/#breadcrumb\"},\"inLanguage\":\"pl-PL\",\"potentialAction\":[{\"@type\":\"ReadAction\",\"target\":[\"https:\\\/\\\/cadr.redemptor.pl\\\/lomnica\\\/opis-domu\\\/\"]}]},{\"@type\":\"ImageObject\",\"inLanguage\":\"pl-PL\",\"@id\":\"https:\\\/\\\/cadr.redemptor.pl\\\/lomnica\\\/opis-domu\\\/#primaryimage\",\"url\":\"https:\\\/\\\/i0.wp.com\\\/cadr.redemptor.pl\\\/lomnica\\\/wp-content\\\/uploads\\\/sites\\\/5\\\/2016\\\/10\\\/adoracja-Jezus-Panem-1-1024x685.jpg?ssl=1\",\"contentUrl\":\"https:\\\/\\\/i0.wp.com\\\/cadr.redemptor.pl\\\/lomnica\\\/wp-content\\\/uploads\\\/sites\\\/5\\\/2016\\\/10\\\/adoracja-Jezus-Panem-1-1024x685.jpg?ssl=1\"},{\"@type\":\"BreadcrumbList\",\"@id\":\"https:\\\/\\\/cadr.redemptor.pl\\\/lomnica\\\/opis-domu\\\/#breadcrumb\",\"itemListElement\":[{\"@type\":\"ListItem\",\"position\":1,\"name\":\"Strona g\u0142\u00f3wna\",\"item\":\"https:\\\/\\\/cadr.redemptor.pl\\\/lomnica\\\/\"},{\"@type\":\"ListItem\",\"position\":2,\"name\":\"Opis domu\"}]},{\"@type\":\"WebSite\",\"@id\":\"https:\\\/\\\/cadr.redemptor.pl\\\/lomnica\\\/#website\",\"url\":\"https:\\\/\\\/cadr.redemptor.pl\\\/lomnica\\\/\",\"name\":\"CADR \u0141omnica Zdr\u00f3j\",\"description\":\"Dom Rekolekcyjny w \u0141omnicy Zdroju\",\"potentialAction\":[{\"@type\":\"SearchAction\",\"target\":{\"@type\":\"EntryPoint\",\"urlTemplate\":\"https:\\\/\\\/cadr.redemptor.pl\\\/lomnica\\\/?s={search_term_string}\"},\"query-input\":{\"@type\":\"PropertyValueSpecification\",\"valueRequired\":true,\"valueName\":\"search_term_string\"}}],\"inLanguage\":\"pl-PL\"}]}<\/script>\n<!-- \/ Yoast SEO plugin. -->","yoast_head_json":{"title":"Opis domu - CADR \u0141omnica Zdr\u00f3j","robots":{"index":"index","follow":"follow","max-snippet":"max-snippet:-1","max-image-preview":"max-image-preview:large","max-video-preview":"max-video-preview:-1"},"canonical":"https:\/\/cadr.redemptor.pl\/lomnica\/opis-domu\/","og_locale":"pl_PL","og_type":"article","og_title":"Opis domu - CADR \u0141omnica Zdr\u00f3j","og_description":"Warunki skromne, rodzinne, ale z przyjazn\u0105 atmosfer\u0105. Dom zosta\u0142 zbudowany w 1931 roku. Parter jest murowany, natomiast pierwsze i drugie pi\u0119tro drewniane. Do dyspozycji Go\u015bci jest kaplica, jadalnia, kuchnia, pok\u00f3j &hellip; Czytaj dalej \u201eOpis domu\u201d","og_url":"https:\/\/cadr.redemptor.pl\/lomnica\/opis-domu\/","og_site_name":"CADR \u0141omnica Zdr\u00f3j","article_modified_time":"2025-02-03T18:19:34+00:00","og_image":[{"url":"https:\/\/i0.wp.com\/cadr.redemptor.pl\/lomnica\/wp-content\/uploads\/sites\/5\/2016\/10\/adoracja-Jezus-Panem-1-1024x685.jpg?ssl=1","type":"","width":"","height":""}],"twitter_card":"summary_large_image","schema":{"@context":"https:\/\/schema.org","@graph":[{"@type":"WebPage","@id":"https:\/\/cadr.redemptor.pl\/lomnica\/opis-domu\/","url":"https:\/\/cadr.redemptor.pl\/lomnica\/opis-domu\/","name":"Opis domu - CADR \u0141omnica Zdr\u00f3j","isPartOf":{"@id":"https:\/\/cadr.redemptor.pl\/lomnica\/#website"},"primaryImageOfPage":{"@id":"https:\/\/cadr.redemptor.pl\/lomnica\/opis-domu\/#primaryimage"},"image":{"@id":"https:\/\/cadr.redemptor.pl\/lomnica\/opis-domu\/#primaryimage"},"thumbnailUrl":"https:\/\/i0.wp.com\/cadr.redemptor.pl\/lomnica\/wp-content\/uploads\/sites\/5\/2016\/10\/adoracja-Jezus-Panem-1-1024x685.jpg?ssl=1","datePublished":"2016-10-22T15:12:00+00:00","dateModified":"2025-02-03T18:19:34+00:00","breadcrumb":{"@id":"https:\/\/cadr.redemptor.pl\/lomnica\/opis-domu\/#breadcrumb"},"inLanguage":"pl-PL","potentialAction":[{"@type":"ReadAction","target":["https:\/\/cadr.redemptor.pl\/lomnica\/opis-domu\/"]}]},{"@type":"ImageObject","inLanguage":"pl-PL","@id":"https:\/\/cadr.redemptor.pl\/lomnica\/opis-domu\/#primaryimage","url":"https:\/\/i0.wp.com\/cadr.redemptor.pl\/lomnica\/wp-content\/uploads\/sites\/5\/2016\/10\/adoracja-Jezus-Panem-1-1024x685.jpg?ssl=1","contentUrl":"https:\/\/i0.wp.com\/cadr.redemptor.pl\/lomnica\/wp-content\/uploads\/sites\/5\/2016\/10\/adoracja-Jezus-Panem-1-1024x685.jpg?ssl=1"},{"@type":"BreadcrumbList","@id":"https:\/\/cadr.redemptor.pl\/lomnica\/opis-domu\/#breadcrumb","itemListElement":[{"@type":"ListItem","position":1,"name":"Strona g\u0142\u00f3wna","item":"https:\/\/cadr.redemptor.pl\/lomnica\/"},{"@type":"ListItem","position":2,"name":"Opis domu"}]},{"@type":"WebSite","@id":"https:\/\/cadr.redemptor.pl\/lomnica\/#website","url":"https:\/\/cadr.redemptor.pl\/lomnica\/","name":"CADR \u0141omnica Zdr\u00f3j","description":"Dom Rekolekcyjny w \u0141omnicy Zdroju","potentialAction":[{"@type":"SearchAction","target":{"@type":"EntryPoint","urlTemplate":"https:\/\/cadr.redemptor.pl\/lomnica\/?s={search_term_string}"},"query-input":{"@type":"PropertyValueSpecification","valueRequired":true,"valueName":"search_term_string"}}],"inLanguage":"pl-PL"}]}},"jetpack_sharing_enabled":true,"jetpack_shortlink":"https:\/\/wp.me\/P7QzKb-E","_links":{"self":[{"href":"https:\/\/cadr.redemptor.pl\/lomnica\/wp-json\/wp\/v2\/pages\/40","targetHints":{"allow":["GET"]}}],"collection":[{"href":"https:\/\/cadr.redemptor.pl\/lomnica\/wp-json\/wp\/v2\/pages"}],"about":[{"href":"https:\/\/cadr.redemptor.pl\/lomnica\/wp-json\/wp\/v2\/types\/page"}],"author":[{"embeddable":true,"href":"https:\/\/cadr.redemptor.pl\/lomnica\/wp-json\/wp\/v2\/users\/3"}],"replies":[{"embeddable":true,"href":"https:\/\/cadr.redemptor.pl\/lomnica\/wp-json\/wp\/v2\/comments?post=40"}],"version-history":[{"count":10,"href":"https:\/\/cadr.redemptor.pl\/lomnica\/wp-json\/wp\/v2\/pages\/40\/revisions"}],"predecessor-version":[{"id":356,"href":"https:\/\/cadr.redemptor.pl\/lomnica\/wp-json\/wp\/v2\/pages\/40\/revisions\/356"}],"wp:attachment":[{"href":"https:\/\/cadr.redemptor.pl\/lomnica\/wp-json\/wp\/v2\/media?parent=40"}],"curies":[{"name":"wp","href":"https:\/\/api.w.org\/{rel}","templated":true}]}}