{"id":64,"date":"2016-10-24T19:00:16","date_gmt":"2016-10-24T17:00:16","guid":{"rendered":"https:\/\/cadr.redemptor.pl\/lomnica\/?page_id=64"},"modified":"2016-10-31T12:02:04","modified_gmt":"2016-10-31T11:02:04","slug":"okolica","status":"publish","type":"page","link":"https:\/\/cadr.redemptor.pl\/lomnica\/okolica\/","title":{"rendered":"Okolica"},"content":{"rendered":"<h2 style=\"text-align: center\"><span style=\"color: #008080\"><strong>Beskid S\u0105decki jest niezwykle pi\u0119<\/strong><strong>knym i dynamicznie rozwijaj\u0105cym si\u0119 miejscem turystycznym<\/strong><strong>.<\/strong><\/span><\/h2>\n<p style=\"text-align: center\"><span style=\"color: #008080\">\u00a0<strong>*********************************************************************<\/strong><\/span><\/p>\n<p style=\"text-align: justify\"><span style=\"color: #ff0000\">POPRADZKI PARK KRAJOBRAZOWY<\/span> <span style=\"color: #000000\">&#8211; utworzony w 1987 roku. Park obejmuje dwa pasma Beskidu S\u0105\u0085deckiego &#8211; pasmo Radziejowej oraz pasmo Jaworzyny Krynickiej. Na terenie pa<img fetchpriority=\"high\" decoding=\"async\" class=\" wp-image-65 alignright\" src=\"https:\/\/cadr.redemptor.pl\/lomnica\/wp-content\/uploads\/sites\/5\/2016\/10\/atrakcje-183x300.jpg\" alt=\"atrakcje\" width=\"195\" height=\"319\" srcset=\"https:\/\/cadr.redemptor.pl\/lomnica\/wp-content\/uploads\/sites\/5\/2016\/10\/atrakcje-183x300.jpg 183w, https:\/\/cadr.redemptor.pl\/lomnica\/wp-content\/uploads\/sites\/5\/2016\/10\/atrakcje.jpg 390w\" sizes=\"(max-width: 195px) 100vw, 195px\" \/>rku znajduje si\u0119\u0099 kilkana\u015bcie rezerwat\u00f3w przyrody, z przesz\u0142o 1000 gatunk\u00f3w kwiatowych, czyli po\u0142\u0082ow\u0105\u0085 rosn\u0105\u0085cych w Polsce. Andrzej\u00f3wka, Milik, Szczawnik, Muszyna to miejscowo\u015bci z charakterystyczn\u0105\u0085 architektur\u0105\u0085 \u0142emkowsk\u0105\u0085 i pi\u0119\u0099knymi cerkwiami. W Wierchomli, Miliku, Kokuszce, Rytrze stoki narciarskie. Piwniczna Zdr\u00f3j obok \u017ar\u00f3de\u0142 mineralnych oferuje korzystanie z odkrytego basenu, a tak\u017ce atrakcje jakie oferuje Artystyczna Pijalnia w\u00f3d mineralnych.<\/span><\/p>\n<p style=\"text-align: justify\"><img decoding=\"async\" class=\"size-full wp-image-112 aligncenter\" src=\"https:\/\/cadr.redemptor.pl\/lomnica\/wp-content\/uploads\/sites\/5\/2016\/10\/grono.gif\" alt=\"grono\" width=\"180\" height=\"54\" \/><\/p>\n<p style=\"text-align: justify\"><span style=\"color: #000000\">\u00a0\u00a0\u00a0\u00a0 Niedaleko od naszego domu, tu\u017c za rzek\u0105\u0085 Poprad mamy S\u0142\u0082owacje. W promieniu ok. 35 km w Wy\u017cnych Ru\u017cbachach znajduj\u0105\u0085 si\u0119 baseny z lecznicz\u0105\u0085 termaln\u0105 wod\u0105\u0085, Pieniny z Czerwonym Klasztorem oraz liczne wyci\u0105\u0085gi narciarskie i restauracje z regionalnymi potrawami.<\/span><\/p>\n<p>&nbsp;<\/p>\n<p>&nbsp;<\/p>\n<p><span class=\"embed-youtube\" style=\"text-align:center; display: block;\"><iframe class=\"youtube-player\" width=\"525\" height=\"296\" src=\"https:\/\/www.youtube.com\/embed\/aRGSkMyQXJ0?version=3&#038;rel=1&#038;showsearch=0&#038;showinfo=1&#038;iv_load_policy=1&#038;fs=1&#038;hl=pl-PL&#038;autohide=2&#038;wmode=transparent\" allowfullscreen=\"true\" style=\"border:0;\" sandbox=\"allow-scripts allow-same-origin allow-popups allow-presentation allow-popups-to-escape-sandbox\"><\/iframe><\/span><\/p>\n","protected":false},"excerpt":{"rendered":"<p>Beskid S\u0105decki jest niezwykle pi\u0119knym i dynamicznie rozwijaj\u0105cym si\u0119 miejscem turystycznym. \u00a0********************************************************************* POPRADZKI PARK KRAJOBRAZOWY &#8211; utworzony w 1987 roku. Park obejmuje dwa pasma Beskidu S\u0105\u0085deckiego &#8211; pasmo Radziejowej oraz &hellip; <\/p>\n<p class=\"link-more\"><a href=\"https:\/\/cadr.redemptor.pl\/lomnica\/okolica\/\" class=\"more-link\">Czytaj dalej<span class=\"screen-reader-text\"> \u201eOkolica\u201d<\/span><\/a><\/p>\n","protected":false},"author":3,"featured_media":0,"parent":0,"menu_order":0,"comment_status":"closed","ping_status":"closed","template":"","meta":{"_EventAllDay":false,"_EventTimezone":"","_EventStartDate":"","_EventEndDate":"","_EventStartDateUTC":"","_EventEndDateUTC":"","_EventShowMap":false,"_EventShowMapLink":false,"_EventURL":"","_EventCost":"","_EventCostDescription":"","_EventCurrencySymbol":"","_EventCurrencyCode":"","_EventCurrencyPosition":"","_EventDateTimeSeparator":"","_EventTimeRangeSeparator":"","_EventOrganizerID":[],"_EventVenueID":[],"_OrganizerEmail":"","_OrganizerPhone":"","_OrganizerWebsite":"","_VenueAddress":"","_VenueCity":"","_VenueCountry":"","_VenueProvince":"","_VenueState":"","_VenueZip":"","_VenuePhone":"","_VenueURL":"","_VenueStateProvince":"","_VenueLat":"","_VenueLng":"","_VenueShowMap":false,"_VenueShowMapLink":false,"_themeisle_gutenberg_block_has_review":false,"jetpack_post_was_ever_published":false,"footnotes":""},"class_list":["post-64","page","type-page","status-publish","hentry"],"yoast_head":"<!-- This site is optimized with the Yoast SEO plugin v27.5 - https:\/\/yoast.com\/product\/yoast-seo-wordpress\/ -->\n<title>Okolica - CADR \u0141omnica Zdr\u00f3j<\/title>\n<meta name=\"robots\" content=\"index, follow, max-snippet:-1, max-image-preview:large, max-video-preview:-1\" \/>\n<link rel=\"canonical\" href=\"https:\/\/cadr.redemptor.pl\/lomnica\/okolica\/\" \/>\n<meta property=\"og:locale\" content=\"pl_PL\" \/>\n<meta property=\"og:type\" content=\"article\" \/>\n<meta property=\"og:title\" content=\"Okolica - CADR \u0141omnica Zdr\u00f3j\" \/>\n<meta property=\"og:description\" content=\"Beskid S\u0105decki jest niezwykle pi\u0119knym i dynamicznie rozwijaj\u0105cym si\u0119 miejscem turystycznym. \u00a0********************************************************************* POPRADZKI PARK KRAJOBRAZOWY &#8211; utworzony w 1987 roku. Park obejmuje dwa pasma Beskidu S\u0105\u0085deckiego &#8211; pasmo Radziejowej oraz &hellip; Czytaj dalej \u201eOkolica\u201d\" \/>\n<meta property=\"og:url\" content=\"https:\/\/cadr.redemptor.pl\/lomnica\/okolica\/\" \/>\n<meta property=\"og:site_name\" content=\"CADR \u0141omnica Zdr\u00f3j\" \/>\n<meta property=\"article:modified_time\" content=\"2016-10-31T11:02:04+00:00\" \/>\n<meta property=\"og:image\" content=\"https:\/\/cadr.redemptor.pl\/lomnica\/wp-content\/uploads\/sites\/5\/2016\/10\/atrakcje.jpg\" \/>\n\t<meta property=\"og:image:width\" content=\"390\" \/>\n\t<meta property=\"og:image:height\" content=\"640\" \/>\n\t<meta property=\"og:image:type\" content=\"image\/jpeg\" \/>\n<meta name=\"twitter:card\" content=\"summary_large_image\" \/>\n<meta name=\"twitter:label1\" content=\"Szacowany czas czytania\" \/>\n\t<meta name=\"twitter:data1\" content=\"1 minuta\" \/>\n<script type=\"application\/ld+json\" class=\"yoast-schema-graph\">{\"@context\":\"https:\\\/\\\/schema.org\",\"@graph\":[{\"@type\":\"WebPage\",\"@id\":\"https:\\\/\\\/cadr.redemptor.pl\\\/lomnica\\\/okolica\\\/\",\"url\":\"https:\\\/\\\/cadr.redemptor.pl\\\/lomnica\\\/okolica\\\/\",\"name\":\"Okolica - CADR \u0141omnica Zdr\u00f3j\",\"isPartOf\":{\"@id\":\"https:\\\/\\\/cadr.redemptor.pl\\\/lomnica\\\/#website\"},\"primaryImageOfPage\":{\"@id\":\"https:\\\/\\\/cadr.redemptor.pl\\\/lomnica\\\/okolica\\\/#primaryimage\"},\"image\":{\"@id\":\"https:\\\/\\\/cadr.redemptor.pl\\\/lomnica\\\/okolica\\\/#primaryimage\"},\"thumbnailUrl\":\"https:\\\/\\\/cadr.redemptor.pl\\\/lomnica\\\/wp-content\\\/uploads\\\/sites\\\/5\\\/2016\\\/10\\\/atrakcje-183x300.jpg\",\"datePublished\":\"2016-10-24T17:00:16+00:00\",\"dateModified\":\"2016-10-31T11:02:04+00:00\",\"breadcrumb\":{\"@id\":\"https:\\\/\\\/cadr.redemptor.pl\\\/lomnica\\\/okolica\\\/#breadcrumb\"},\"inLanguage\":\"pl-PL\",\"potentialAction\":[{\"@type\":\"ReadAction\",\"target\":[\"https:\\\/\\\/cadr.redemptor.pl\\\/lomnica\\\/okolica\\\/\"]}]},{\"@type\":\"ImageObject\",\"inLanguage\":\"pl-PL\",\"@id\":\"https:\\\/\\\/cadr.redemptor.pl\\\/lomnica\\\/okolica\\\/#primaryimage\",\"url\":\"https:\\\/\\\/cadr.redemptor.pl\\\/lomnica\\\/wp-content\\\/uploads\\\/sites\\\/5\\\/2016\\\/10\\\/atrakcje.jpg\",\"contentUrl\":\"https:\\\/\\\/cadr.redemptor.pl\\\/lomnica\\\/wp-content\\\/uploads\\\/sites\\\/5\\\/2016\\\/10\\\/atrakcje.jpg\",\"width\":390,\"height\":640},{\"@type\":\"BreadcrumbList\",\"@id\":\"https:\\\/\\\/cadr.redemptor.pl\\\/lomnica\\\/okolica\\\/#breadcrumb\",\"itemListElement\":[{\"@type\":\"ListItem\",\"position\":1,\"name\":\"Strona g\u0142\u00f3wna\",\"item\":\"https:\\\/\\\/cadr.redemptor.pl\\\/lomnica\\\/\"},{\"@type\":\"ListItem\",\"position\":2,\"name\":\"Okolica\"}]},{\"@type\":\"WebSite\",\"@id\":\"https:\\\/\\\/cadr.redemptor.pl\\\/lomnica\\\/#website\",\"url\":\"https:\\\/\\\/cadr.redemptor.pl\\\/lomnica\\\/\",\"name\":\"CADR \u0141omnica Zdr\u00f3j\",\"description\":\"Dom Rekolekcyjny w \u0141omnicy Zdroju\",\"potentialAction\":[{\"@type\":\"SearchAction\",\"target\":{\"@type\":\"EntryPoint\",\"urlTemplate\":\"https:\\\/\\\/cadr.redemptor.pl\\\/lomnica\\\/?s={search_term_string}\"},\"query-input\":{\"@type\":\"PropertyValueSpecification\",\"valueRequired\":true,\"valueName\":\"search_term_string\"}}],\"inLanguage\":\"pl-PL\"}]}<\/script>\n<!-- \/ Yoast SEO plugin. -->","yoast_head_json":{"title":"Okolica - CADR \u0141omnica Zdr\u00f3j","robots":{"index":"index","follow":"follow","max-snippet":"max-snippet:-1","max-image-preview":"max-image-preview:large","max-video-preview":"max-video-preview:-1"},"canonical":"https:\/\/cadr.redemptor.pl\/lomnica\/okolica\/","og_locale":"pl_PL","og_type":"article","og_title":"Okolica - CADR \u0141omnica Zdr\u00f3j","og_description":"Beskid S\u0105decki jest niezwykle pi\u0119knym i dynamicznie rozwijaj\u0105cym si\u0119 miejscem turystycznym. \u00a0********************************************************************* POPRADZKI PARK KRAJOBRAZOWY &#8211; utworzony w 1987 roku. Park obejmuje dwa pasma Beskidu S\u0105\u0085deckiego &#8211; pasmo Radziejowej oraz &hellip; Czytaj dalej \u201eOkolica\u201d","og_url":"https:\/\/cadr.redemptor.pl\/lomnica\/okolica\/","og_site_name":"CADR \u0141omnica Zdr\u00f3j","article_modified_time":"2016-10-31T11:02:04+00:00","og_image":[{"width":390,"height":640,"url":"https:\/\/cadr.redemptor.pl\/lomnica\/wp-content\/uploads\/sites\/5\/2016\/10\/atrakcje.jpg","type":"image\/jpeg"}],"twitter_card":"summary_large_image","twitter_misc":{"Szacowany czas czytania":"1 minuta"},"schema":{"@context":"https:\/\/schema.org","@graph":[{"@type":"WebPage","@id":"https:\/\/cadr.redemptor.pl\/lomnica\/okolica\/","url":"https:\/\/cadr.redemptor.pl\/lomnica\/okolica\/","name":"Okolica - CADR \u0141omnica Zdr\u00f3j","isPartOf":{"@id":"https:\/\/cadr.redemptor.pl\/lomnica\/#website"},"primaryImageOfPage":{"@id":"https:\/\/cadr.redemptor.pl\/lomnica\/okolica\/#primaryimage"},"image":{"@id":"https:\/\/cadr.redemptor.pl\/lomnica\/okolica\/#primaryimage"},"thumbnailUrl":"https:\/\/cadr.redemptor.pl\/lomnica\/wp-content\/uploads\/sites\/5\/2016\/10\/atrakcje-183x300.jpg","datePublished":"2016-10-24T17:00:16+00:00","dateModified":"2016-10-31T11:02:04+00:00","breadcrumb":{"@id":"https:\/\/cadr.redemptor.pl\/lomnica\/okolica\/#breadcrumb"},"inLanguage":"pl-PL","potentialAction":[{"@type":"ReadAction","target":["https:\/\/cadr.redemptor.pl\/lomnica\/okolica\/"]}]},{"@type":"ImageObject","inLanguage":"pl-PL","@id":"https:\/\/cadr.redemptor.pl\/lomnica\/okolica\/#primaryimage","url":"https:\/\/cadr.redemptor.pl\/lomnica\/wp-content\/uploads\/sites\/5\/2016\/10\/atrakcje.jpg","contentUrl":"https:\/\/cadr.redemptor.pl\/lomnica\/wp-content\/uploads\/sites\/5\/2016\/10\/atrakcje.jpg","width":390,"height":640},{"@type":"BreadcrumbList","@id":"https:\/\/cadr.redemptor.pl\/lomnica\/okolica\/#breadcrumb","itemListElement":[{"@type":"ListItem","position":1,"name":"Strona g\u0142\u00f3wna","item":"https:\/\/cadr.redemptor.pl\/lomnica\/"},{"@type":"ListItem","position":2,"name":"Okolica"}]},{"@type":"WebSite","@id":"https:\/\/cadr.redemptor.pl\/lomnica\/#website","url":"https:\/\/cadr.redemptor.pl\/lomnica\/","name":"CADR \u0141omnica Zdr\u00f3j","description":"Dom Rekolekcyjny w \u0141omnicy Zdroju","potentialAction":[{"@type":"SearchAction","target":{"@type":"EntryPoint","urlTemplate":"https:\/\/cadr.redemptor.pl\/lomnica\/?s={search_term_string}"},"query-input":{"@type":"PropertyValueSpecification","valueRequired":true,"valueName":"search_term_string"}}],"inLanguage":"pl-PL"}]}},"jetpack_sharing_enabled":true,"jetpack_shortlink":"https:\/\/wp.me\/P7QzKb-12","_links":{"self":[{"href":"https:\/\/cadr.redemptor.pl\/lomnica\/wp-json\/wp\/v2\/pages\/64","targetHints":{"allow":["GET"]}}],"collection":[{"href":"https:\/\/cadr.redemptor.pl\/lomnica\/wp-json\/wp\/v2\/pages"}],"about":[{"href":"https:\/\/cadr.redemptor.pl\/lomnica\/wp-json\/wp\/v2\/types\/page"}],"author":[{"embeddable":true,"href":"https:\/\/cadr.redemptor.pl\/lomnica\/wp-json\/wp\/v2\/users\/3"}],"replies":[{"embeddable":true,"href":"https:\/\/cadr.redemptor.pl\/lomnica\/wp-json\/wp\/v2\/comments?post=64"}],"version-history":[{"count":9,"href":"https:\/\/cadr.redemptor.pl\/lomnica\/wp-json\/wp\/v2\/pages\/64\/revisions"}],"predecessor-version":[{"id":113,"href":"https:\/\/cadr.redemptor.pl\/lomnica\/wp-json\/wp\/v2\/pages\/64\/revisions\/113"}],"wp:attachment":[{"href":"https:\/\/cadr.redemptor.pl\/lomnica\/wp-json\/wp\/v2\/media?parent=64"}],"curies":[{"name":"wp","href":"https:\/\/api.w.org\/{rel}","templated":true}]}}