{"id":67,"date":"2016-10-24T19:06:22","date_gmt":"2016-10-24T17:06:22","guid":{"rendered":"https:\/\/cadr.redemptor.pl\/lomnica\/?page_id=67"},"modified":"2019-06-14T16:38:09","modified_gmt":"2019-06-14T14:38:09","slug":"oferta","status":"publish","type":"page","link":"https:\/\/cadr.redemptor.pl\/lomnica\/oferta\/","title":{"rendered":"Oferta"},"content":{"rendered":"<h2 style=\"text-align: center\"><em><span style=\"color: #008080\">Zapraszamy:<\/span><\/em><\/h2>\n<h4 style=\"text-align: center\"><span style=\"color: #000000\">&#8211; grupy zorganizowane na dni skupienia, rekolekcje, wypoczynek<\/span><\/h4>\n<h4 style=\"text-align: center\"><span style=\"color: #000000\">&#8211; rodziny z dzie\u0107mi w zorganizowanych grupach<\/span><\/h4>\n<h4 style=\"text-align: center\"><span style=\"color: #000000\">&#8211; w Domu Rekolekcyjnym jest kap\u0142an, kt\u00f3ry s\u0142u\u017cy i pomaga w przeprowadzeniu rekolekcji r\u00f3\u017cnym grupom<\/span><\/h4>\n<h4 style=\"text-align: center\"><span style=\"color: #000000\">&#8211; grupy\u00a0emeryt\u00f3w, rencist\u00f3w na wypoczynek ze straw\u0105 duchow\u0105.<\/span><\/h4>\n<p>&nbsp;<\/p>\n<p><img fetchpriority=\"high\" decoding=\"async\" class=\"size-medium wp-image-89 aligncenter\" src=\"https:\/\/cadr.redemptor.pl\/lomnica\/wp-content\/uploads\/sites\/5\/2016\/10\/adoracja-Jezus-Panem-1-300x201.jpg\" alt=\"SONY DSC\" width=\"300\" height=\"201\" srcset=\"https:\/\/cadr.redemptor.pl\/lomnica\/wp-content\/uploads\/sites\/5\/2016\/10\/adoracja-Jezus-Panem-1-300x201.jpg 300w, https:\/\/cadr.redemptor.pl\/lomnica\/wp-content\/uploads\/sites\/5\/2016\/10\/adoracja-Jezus-Panem-1-768x514.jpg 768w, https:\/\/cadr.redemptor.pl\/lomnica\/wp-content\/uploads\/sites\/5\/2016\/10\/adoracja-Jezus-Panem-1-1024x685.jpg 1024w, https:\/\/cadr.redemptor.pl\/lomnica\/wp-content\/uploads\/sites\/5\/2016\/10\/adoracja-Jezus-Panem-1.jpg 1140w\" sizes=\"(max-width: 300px) 100vw, 300px\" \/><\/p>\n<p>&nbsp;<\/p>\n","protected":false},"excerpt":{"rendered":"<p>Zapraszamy: &#8211; grupy zorganizowane na dni skupienia, rekolekcje, wypoczynek &#8211; rodziny z dzie\u0107mi w zorganizowanych grupach &#8211; w Domu Rekolekcyjnym jest kap\u0142an, kt\u00f3ry s\u0142u\u017cy i pomaga w przeprowadzeniu rekolekcji r\u00f3\u017cnym &hellip; <\/p>\n<p class=\"link-more\"><a href=\"https:\/\/cadr.redemptor.pl\/lomnica\/oferta\/\" class=\"more-link\">Czytaj dalej<span class=\"screen-reader-text\"> \u201eOferta\u201d<\/span><\/a><\/p>\n","protected":false},"author":3,"featured_media":0,"parent":0,"menu_order":0,"comment_status":"closed","ping_status":"closed","template":"","meta":{"_EventAllDay":false,"_EventTimezone":"","_EventStartDate":"","_EventEndDate":"","_EventStartDateUTC":"","_EventEndDateUTC":"","_EventShowMap":false,"_EventShowMapLink":false,"_EventURL":"","_EventCost":"","_EventCostDescription":"","_EventCurrencySymbol":"","_EventCurrencyCode":"","_EventCurrencyPosition":"","_EventDateTimeSeparator":"","_EventTimeRangeSeparator":"","_EventOrganizerID":[],"_EventVenueID":[],"_OrganizerEmail":"","_OrganizerPhone":"","_OrganizerWebsite":"","_VenueAddress":"","_VenueCity":"","_VenueCountry":"","_VenueProvince":"","_VenueState":"","_VenueZip":"","_VenuePhone":"","_VenueURL":"","_VenueStateProvince":"","_VenueLat":"","_VenueLng":"","_VenueShowMap":false,"_VenueShowMapLink":false,"_themeisle_gutenberg_block_has_review":false,"jetpack_post_was_ever_published":false,"footnotes":""},"class_list":["post-67","page","type-page","status-publish","hentry"],"yoast_head":"<!-- This site is optimized with the Yoast SEO plugin v27.5 - https:\/\/yoast.com\/product\/yoast-seo-wordpress\/ -->\n<title>Oferta - CADR \u0141omnica Zdr\u00f3j<\/title>\n<meta name=\"robots\" content=\"index, follow, max-snippet:-1, max-image-preview:large, max-video-preview:-1\" \/>\n<link rel=\"canonical\" href=\"https:\/\/cadr.redemptor.pl\/lomnica\/oferta\/\" \/>\n<meta property=\"og:locale\" content=\"pl_PL\" \/>\n<meta property=\"og:type\" content=\"article\" \/>\n<meta property=\"og:title\" content=\"Oferta - CADR \u0141omnica Zdr\u00f3j\" \/>\n<meta property=\"og:description\" content=\"Zapraszamy: &#8211; grupy zorganizowane na dni skupienia, rekolekcje, wypoczynek &#8211; rodziny z dzie\u0107mi w zorganizowanych grupach &#8211; w Domu Rekolekcyjnym jest kap\u0142an, kt\u00f3ry s\u0142u\u017cy i pomaga w przeprowadzeniu rekolekcji r\u00f3\u017cnym &hellip; Czytaj dalej \u201eOferta\u201d\" \/>\n<meta property=\"og:url\" content=\"https:\/\/cadr.redemptor.pl\/lomnica\/oferta\/\" \/>\n<meta property=\"og:site_name\" content=\"CADR \u0141omnica Zdr\u00f3j\" \/>\n<meta property=\"article:modified_time\" content=\"2019-06-14T14:38:09+00:00\" \/>\n<meta property=\"og:image\" content=\"https:\/\/cadr.redemptor.pl\/lomnica\/wp-content\/uploads\/sites\/5\/2016\/10\/adoracja-Jezus-Panem-1.jpg\" \/>\n\t<meta property=\"og:image:width\" content=\"1140\" \/>\n\t<meta property=\"og:image:height\" content=\"763\" \/>\n\t<meta property=\"og:image:type\" content=\"image\/jpeg\" \/>\n<meta name=\"twitter:card\" content=\"summary_large_image\" \/>\n<script type=\"application\/ld+json\" class=\"yoast-schema-graph\">{\"@context\":\"https:\\\/\\\/schema.org\",\"@graph\":[{\"@type\":\"WebPage\",\"@id\":\"https:\\\/\\\/cadr.redemptor.pl\\\/lomnica\\\/oferta\\\/\",\"url\":\"https:\\\/\\\/cadr.redemptor.pl\\\/lomnica\\\/oferta\\\/\",\"name\":\"Oferta - CADR \u0141omnica Zdr\u00f3j\",\"isPartOf\":{\"@id\":\"https:\\\/\\\/cadr.redemptor.pl\\\/lomnica\\\/#website\"},\"primaryImageOfPage\":{\"@id\":\"https:\\\/\\\/cadr.redemptor.pl\\\/lomnica\\\/oferta\\\/#primaryimage\"},\"image\":{\"@id\":\"https:\\\/\\\/cadr.redemptor.pl\\\/lomnica\\\/oferta\\\/#primaryimage\"},\"thumbnailUrl\":\"https:\\\/\\\/cadr.redemptor.pl\\\/lomnica\\\/wp-content\\\/uploads\\\/sites\\\/5\\\/2016\\\/10\\\/adoracja-Jezus-Panem-1-300x201.jpg\",\"datePublished\":\"2016-10-24T17:06:22+00:00\",\"dateModified\":\"2019-06-14T14:38:09+00:00\",\"breadcrumb\":{\"@id\":\"https:\\\/\\\/cadr.redemptor.pl\\\/lomnica\\\/oferta\\\/#breadcrumb\"},\"inLanguage\":\"pl-PL\",\"potentialAction\":[{\"@type\":\"ReadAction\",\"target\":[\"https:\\\/\\\/cadr.redemptor.pl\\\/lomnica\\\/oferta\\\/\"]}]},{\"@type\":\"ImageObject\",\"inLanguage\":\"pl-PL\",\"@id\":\"https:\\\/\\\/cadr.redemptor.pl\\\/lomnica\\\/oferta\\\/#primaryimage\",\"url\":\"https:\\\/\\\/cadr.redemptor.pl\\\/lomnica\\\/wp-content\\\/uploads\\\/sites\\\/5\\\/2016\\\/10\\\/adoracja-Jezus-Panem-1.jpg\",\"contentUrl\":\"https:\\\/\\\/cadr.redemptor.pl\\\/lomnica\\\/wp-content\\\/uploads\\\/sites\\\/5\\\/2016\\\/10\\\/adoracja-Jezus-Panem-1.jpg\",\"width\":1140,\"height\":763,\"caption\":\"SONY DSC\"},{\"@type\":\"BreadcrumbList\",\"@id\":\"https:\\\/\\\/cadr.redemptor.pl\\\/lomnica\\\/oferta\\\/#breadcrumb\",\"itemListElement\":[{\"@type\":\"ListItem\",\"position\":1,\"name\":\"Strona g\u0142\u00f3wna\",\"item\":\"https:\\\/\\\/cadr.redemptor.pl\\\/lomnica\\\/\"},{\"@type\":\"ListItem\",\"position\":2,\"name\":\"Oferta\"}]},{\"@type\":\"WebSite\",\"@id\":\"https:\\\/\\\/cadr.redemptor.pl\\\/lomnica\\\/#website\",\"url\":\"https:\\\/\\\/cadr.redemptor.pl\\\/lomnica\\\/\",\"name\":\"CADR \u0141omnica Zdr\u00f3j\",\"description\":\"Dom Rekolekcyjny w \u0141omnicy Zdroju\",\"potentialAction\":[{\"@type\":\"SearchAction\",\"target\":{\"@type\":\"EntryPoint\",\"urlTemplate\":\"https:\\\/\\\/cadr.redemptor.pl\\\/lomnica\\\/?s={search_term_string}\"},\"query-input\":{\"@type\":\"PropertyValueSpecification\",\"valueRequired\":true,\"valueName\":\"search_term_string\"}}],\"inLanguage\":\"pl-PL\"}]}<\/script>\n<!-- \/ Yoast SEO plugin. -->","yoast_head_json":{"title":"Oferta - CADR \u0141omnica Zdr\u00f3j","robots":{"index":"index","follow":"follow","max-snippet":"max-snippet:-1","max-image-preview":"max-image-preview:large","max-video-preview":"max-video-preview:-1"},"canonical":"https:\/\/cadr.redemptor.pl\/lomnica\/oferta\/","og_locale":"pl_PL","og_type":"article","og_title":"Oferta - CADR \u0141omnica Zdr\u00f3j","og_description":"Zapraszamy: &#8211; grupy zorganizowane na dni skupienia, rekolekcje, wypoczynek &#8211; rodziny z dzie\u0107mi w zorganizowanych grupach &#8211; w Domu Rekolekcyjnym jest kap\u0142an, kt\u00f3ry s\u0142u\u017cy i pomaga w przeprowadzeniu rekolekcji r\u00f3\u017cnym &hellip; Czytaj dalej \u201eOferta\u201d","og_url":"https:\/\/cadr.redemptor.pl\/lomnica\/oferta\/","og_site_name":"CADR \u0141omnica Zdr\u00f3j","article_modified_time":"2019-06-14T14:38:09+00:00","og_image":[{"width":1140,"height":763,"url":"https:\/\/cadr.redemptor.pl\/lomnica\/wp-content\/uploads\/sites\/5\/2016\/10\/adoracja-Jezus-Panem-1.jpg","type":"image\/jpeg"}],"twitter_card":"summary_large_image","schema":{"@context":"https:\/\/schema.org","@graph":[{"@type":"WebPage","@id":"https:\/\/cadr.redemptor.pl\/lomnica\/oferta\/","url":"https:\/\/cadr.redemptor.pl\/lomnica\/oferta\/","name":"Oferta - CADR \u0141omnica Zdr\u00f3j","isPartOf":{"@id":"https:\/\/cadr.redemptor.pl\/lomnica\/#website"},"primaryImageOfPage":{"@id":"https:\/\/cadr.redemptor.pl\/lomnica\/oferta\/#primaryimage"},"image":{"@id":"https:\/\/cadr.redemptor.pl\/lomnica\/oferta\/#primaryimage"},"thumbnailUrl":"https:\/\/cadr.redemptor.pl\/lomnica\/wp-content\/uploads\/sites\/5\/2016\/10\/adoracja-Jezus-Panem-1-300x201.jpg","datePublished":"2016-10-24T17:06:22+00:00","dateModified":"2019-06-14T14:38:09+00:00","breadcrumb":{"@id":"https:\/\/cadr.redemptor.pl\/lomnica\/oferta\/#breadcrumb"},"inLanguage":"pl-PL","potentialAction":[{"@type":"ReadAction","target":["https:\/\/cadr.redemptor.pl\/lomnica\/oferta\/"]}]},{"@type":"ImageObject","inLanguage":"pl-PL","@id":"https:\/\/cadr.redemptor.pl\/lomnica\/oferta\/#primaryimage","url":"https:\/\/cadr.redemptor.pl\/lomnica\/wp-content\/uploads\/sites\/5\/2016\/10\/adoracja-Jezus-Panem-1.jpg","contentUrl":"https:\/\/cadr.redemptor.pl\/lomnica\/wp-content\/uploads\/sites\/5\/2016\/10\/adoracja-Jezus-Panem-1.jpg","width":1140,"height":763,"caption":"SONY DSC"},{"@type":"BreadcrumbList","@id":"https:\/\/cadr.redemptor.pl\/lomnica\/oferta\/#breadcrumb","itemListElement":[{"@type":"ListItem","position":1,"name":"Strona g\u0142\u00f3wna","item":"https:\/\/cadr.redemptor.pl\/lomnica\/"},{"@type":"ListItem","position":2,"name":"Oferta"}]},{"@type":"WebSite","@id":"https:\/\/cadr.redemptor.pl\/lomnica\/#website","url":"https:\/\/cadr.redemptor.pl\/lomnica\/","name":"CADR \u0141omnica Zdr\u00f3j","description":"Dom Rekolekcyjny w \u0141omnicy Zdroju","potentialAction":[{"@type":"SearchAction","target":{"@type":"EntryPoint","urlTemplate":"https:\/\/cadr.redemptor.pl\/lomnica\/?s={search_term_string}"},"query-input":{"@type":"PropertyValueSpecification","valueRequired":true,"valueName":"search_term_string"}}],"inLanguage":"pl-PL"}]}},"jetpack_sharing_enabled":true,"jetpack_shortlink":"https:\/\/wp.me\/P7QzKb-15","_links":{"self":[{"href":"https:\/\/cadr.redemptor.pl\/lomnica\/wp-json\/wp\/v2\/pages\/67","targetHints":{"allow":["GET"]}}],"collection":[{"href":"https:\/\/cadr.redemptor.pl\/lomnica\/wp-json\/wp\/v2\/pages"}],"about":[{"href":"https:\/\/cadr.redemptor.pl\/lomnica\/wp-json\/wp\/v2\/types\/page"}],"author":[{"embeddable":true,"href":"https:\/\/cadr.redemptor.pl\/lomnica\/wp-json\/wp\/v2\/users\/3"}],"replies":[{"embeddable":true,"href":"https:\/\/cadr.redemptor.pl\/lomnica\/wp-json\/wp\/v2\/comments?post=67"}],"version-history":[{"count":9,"href":"https:\/\/cadr.redemptor.pl\/lomnica\/wp-json\/wp\/v2\/pages\/67\/revisions"}],"predecessor-version":[{"id":383,"href":"https:\/\/cadr.redemptor.pl\/lomnica\/wp-json\/wp\/v2\/pages\/67\/revisions\/383"}],"wp:attachment":[{"href":"https:\/\/cadr.redemptor.pl\/lomnica\/wp-json\/wp\/v2\/media?parent=67"}],"curies":[{"name":"wp","href":"https:\/\/api.w.org\/{rel}","templated":true}]}}