{"id":7,"date":"2016-08-29T22:58:11","date_gmt":"2016-08-29T20:58:11","guid":{"rendered":"https:\/\/cadr.redemptor.pl\/lomnica\/?page_id=7"},"modified":"2019-06-03T20:34:04","modified_gmt":"2019-06-03T18:34:04","slug":"kontakt","status":"publish","type":"page","link":"https:\/\/cadr.redemptor.pl\/lomnica\/kontakt\/","title":{"rendered":"Kontakt"},"content":{"rendered":"<h3 style=\"text-align: center\"><strong><span style=\"color: #0000ff\">Dom Rekolekcyjny Redemptoryst\u00f3w<\/span><\/strong><\/h3>\n<h3 style=\"text-align: center\"><strong><span style=\"color: #0000ff\">33-351 \u0141omnica Zdr\u00f3j 253<\/span><\/strong><\/h3>\n<h3 style=\"text-align: center\"><strong><span style=\"color: #0000ff\">tel.: + 48 694 49 69 49<\/span><\/strong><\/h3>\n<h3 style=\"text-align: center\"><strong><span style=\"color: #0000ff\">cssr.lomnica@gmail.com<\/span><\/strong><\/h3>\n<p style=\"text-align: center\"><img fetchpriority=\"high\" decoding=\"async\" class=\"size-full wp-image-60 aligncenter\" src=\"https:\/\/cadr.redemptor.pl\/lomnica\/wp-content\/uploads\/sites\/5\/2016\/08\/herb2.gif\" alt=\"herb2\" width=\"272\" height=\"199\" \/><strong><span style=\"color: #ff0000\">Po wi\u0119cej informacji zapraszam na stron\u0119:<\/span><\/strong> <a href=\"http:\/\/cssr-lomnica.pl.tl\">cssr-lomnica.pl.tl<\/a><\/p>\n","protected":false},"excerpt":{"rendered":"<p>Dom Rekolekcyjny Redemptoryst\u00f3w 33-351 \u0141omnica Zdr\u00f3j 253 tel.: + 48 694 49 69 49 cssr.lomnica@gmail.com Po wi\u0119cej informacji zapraszam na stron\u0119: cssr-lomnica.pl.tl<\/p>\n","protected":false},"author":1,"featured_media":0,"parent":0,"menu_order":0,"comment_status":"closed","ping_status":"closed","template":"","meta":{"_EventAllDay":false,"_EventTimezone":"","_EventStartDate":"","_EventEndDate":"","_EventStartDateUTC":"","_EventEndDateUTC":"","_EventShowMap":false,"_EventShowMapLink":false,"_EventURL":"","_EventCost":"","_EventCostDescription":"","_EventCurrencySymbol":"","_EventCurrencyCode":"","_EventCurrencyPosition":"","_EventDateTimeSeparator":"","_EventTimeRangeSeparator":"","_EventOrganizerID":[],"_EventVenueID":[],"_OrganizerEmail":"","_OrganizerPhone":"","_OrganizerWebsite":"","_VenueAddress":"","_VenueCity":"","_VenueCountry":"","_VenueProvince":"","_VenueState":"","_VenueZip":"","_VenuePhone":"","_VenueURL":"","_VenueStateProvince":"","_VenueLat":"","_VenueLng":"","_VenueShowMap":false,"_VenueShowMapLink":false,"_themeisle_gutenberg_block_has_review":false,"jetpack_post_was_ever_published":false,"footnotes":""},"class_list":["post-7","page","type-page","status-publish","hentry"],"yoast_head":"<!-- This site is optimized with the Yoast SEO plugin v27.5 - https:\/\/yoast.com\/product\/yoast-seo-wordpress\/ -->\n<title>Kontakt - CADR \u0141omnica Zdr\u00f3j<\/title>\n<meta name=\"robots\" content=\"index, follow, max-snippet:-1, max-image-preview:large, max-video-preview:-1\" \/>\n<link rel=\"canonical\" href=\"https:\/\/cadr.redemptor.pl\/lomnica\/kontakt\/\" \/>\n<meta property=\"og:locale\" content=\"pl_PL\" \/>\n<meta property=\"og:type\" content=\"article\" \/>\n<meta property=\"og:title\" content=\"Kontakt - CADR \u0141omnica Zdr\u00f3j\" \/>\n<meta property=\"og:description\" content=\"Dom Rekolekcyjny Redemptoryst\u00f3w 33-351 \u0141omnica Zdr\u00f3j 253 tel.: + 48 694 49 69 49 cssr.lomnica@gmail.com Po wi\u0119cej informacji zapraszam na stron\u0119: cssr-lomnica.pl.tl\" \/>\n<meta property=\"og:url\" content=\"https:\/\/cadr.redemptor.pl\/lomnica\/kontakt\/\" \/>\n<meta property=\"og:site_name\" content=\"CADR \u0141omnica Zdr\u00f3j\" \/>\n<meta property=\"article:modified_time\" content=\"2019-06-03T18:34:04+00:00\" \/>\n<meta property=\"og:image\" content=\"https:\/\/cadr.redemptor.pl\/lomnica\/wp-content\/uploads\/sites\/5\/2016\/08\/herb2.gif\" \/>\n\t<meta property=\"og:image:width\" content=\"272\" \/>\n\t<meta property=\"og:image:height\" content=\"199\" \/>\n\t<meta property=\"og:image:type\" content=\"image\/gif\" \/>\n<meta name=\"twitter:card\" content=\"summary_large_image\" \/>\n<script type=\"application\/ld+json\" class=\"yoast-schema-graph\">{\"@context\":\"https:\\\/\\\/schema.org\",\"@graph\":[{\"@type\":\"WebPage\",\"@id\":\"https:\\\/\\\/cadr.redemptor.pl\\\/lomnica\\\/kontakt\\\/\",\"url\":\"https:\\\/\\\/cadr.redemptor.pl\\\/lomnica\\\/kontakt\\\/\",\"name\":\"Kontakt - CADR \u0141omnica Zdr\u00f3j\",\"isPartOf\":{\"@id\":\"https:\\\/\\\/cadr.redemptor.pl\\\/lomnica\\\/#website\"},\"primaryImageOfPage\":{\"@id\":\"https:\\\/\\\/cadr.redemptor.pl\\\/lomnica\\\/kontakt\\\/#primaryimage\"},\"image\":{\"@id\":\"https:\\\/\\\/cadr.redemptor.pl\\\/lomnica\\\/kontakt\\\/#primaryimage\"},\"thumbnailUrl\":\"https:\\\/\\\/cadr.redemptor.pl\\\/lomnica\\\/wp-content\\\/uploads\\\/sites\\\/5\\\/2016\\\/08\\\/herb2.gif\",\"datePublished\":\"2016-08-29T20:58:11+00:00\",\"dateModified\":\"2019-06-03T18:34:04+00:00\",\"breadcrumb\":{\"@id\":\"https:\\\/\\\/cadr.redemptor.pl\\\/lomnica\\\/kontakt\\\/#breadcrumb\"},\"inLanguage\":\"pl-PL\",\"potentialAction\":[{\"@type\":\"ReadAction\",\"target\":[\"https:\\\/\\\/cadr.redemptor.pl\\\/lomnica\\\/kontakt\\\/\"]}]},{\"@type\":\"ImageObject\",\"inLanguage\":\"pl-PL\",\"@id\":\"https:\\\/\\\/cadr.redemptor.pl\\\/lomnica\\\/kontakt\\\/#primaryimage\",\"url\":\"https:\\\/\\\/cadr.redemptor.pl\\\/lomnica\\\/wp-content\\\/uploads\\\/sites\\\/5\\\/2016\\\/08\\\/herb2.gif\",\"contentUrl\":\"https:\\\/\\\/cadr.redemptor.pl\\\/lomnica\\\/wp-content\\\/uploads\\\/sites\\\/5\\\/2016\\\/08\\\/herb2.gif\",\"width\":272,\"height\":199},{\"@type\":\"BreadcrumbList\",\"@id\":\"https:\\\/\\\/cadr.redemptor.pl\\\/lomnica\\\/kontakt\\\/#breadcrumb\",\"itemListElement\":[{\"@type\":\"ListItem\",\"position\":1,\"name\":\"Strona g\u0142\u00f3wna\",\"item\":\"https:\\\/\\\/cadr.redemptor.pl\\\/lomnica\\\/\"},{\"@type\":\"ListItem\",\"position\":2,\"name\":\"Kontakt\"}]},{\"@type\":\"WebSite\",\"@id\":\"https:\\\/\\\/cadr.redemptor.pl\\\/lomnica\\\/#website\",\"url\":\"https:\\\/\\\/cadr.redemptor.pl\\\/lomnica\\\/\",\"name\":\"CADR \u0141omnica Zdr\u00f3j\",\"description\":\"Dom Rekolekcyjny w \u0141omnicy Zdroju\",\"potentialAction\":[{\"@type\":\"SearchAction\",\"target\":{\"@type\":\"EntryPoint\",\"urlTemplate\":\"https:\\\/\\\/cadr.redemptor.pl\\\/lomnica\\\/?s={search_term_string}\"},\"query-input\":{\"@type\":\"PropertyValueSpecification\",\"valueRequired\":true,\"valueName\":\"search_term_string\"}}],\"inLanguage\":\"pl-PL\"}]}<\/script>\n<!-- \/ Yoast SEO plugin. -->","yoast_head_json":{"title":"Kontakt - CADR \u0141omnica Zdr\u00f3j","robots":{"index":"index","follow":"follow","max-snippet":"max-snippet:-1","max-image-preview":"max-image-preview:large","max-video-preview":"max-video-preview:-1"},"canonical":"https:\/\/cadr.redemptor.pl\/lomnica\/kontakt\/","og_locale":"pl_PL","og_type":"article","og_title":"Kontakt - CADR \u0141omnica Zdr\u00f3j","og_description":"Dom Rekolekcyjny Redemptoryst\u00f3w 33-351 \u0141omnica Zdr\u00f3j 253 tel.: + 48 694 49 69 49 cssr.lomnica@gmail.com Po wi\u0119cej informacji zapraszam na stron\u0119: cssr-lomnica.pl.tl","og_url":"https:\/\/cadr.redemptor.pl\/lomnica\/kontakt\/","og_site_name":"CADR \u0141omnica Zdr\u00f3j","article_modified_time":"2019-06-03T18:34:04+00:00","og_image":[{"width":272,"height":199,"url":"https:\/\/cadr.redemptor.pl\/lomnica\/wp-content\/uploads\/sites\/5\/2016\/08\/herb2.gif","type":"image\/gif"}],"twitter_card":"summary_large_image","schema":{"@context":"https:\/\/schema.org","@graph":[{"@type":"WebPage","@id":"https:\/\/cadr.redemptor.pl\/lomnica\/kontakt\/","url":"https:\/\/cadr.redemptor.pl\/lomnica\/kontakt\/","name":"Kontakt - CADR \u0141omnica Zdr\u00f3j","isPartOf":{"@id":"https:\/\/cadr.redemptor.pl\/lomnica\/#website"},"primaryImageOfPage":{"@id":"https:\/\/cadr.redemptor.pl\/lomnica\/kontakt\/#primaryimage"},"image":{"@id":"https:\/\/cadr.redemptor.pl\/lomnica\/kontakt\/#primaryimage"},"thumbnailUrl":"https:\/\/cadr.redemptor.pl\/lomnica\/wp-content\/uploads\/sites\/5\/2016\/08\/herb2.gif","datePublished":"2016-08-29T20:58:11+00:00","dateModified":"2019-06-03T18:34:04+00:00","breadcrumb":{"@id":"https:\/\/cadr.redemptor.pl\/lomnica\/kontakt\/#breadcrumb"},"inLanguage":"pl-PL","potentialAction":[{"@type":"ReadAction","target":["https:\/\/cadr.redemptor.pl\/lomnica\/kontakt\/"]}]},{"@type":"ImageObject","inLanguage":"pl-PL","@id":"https:\/\/cadr.redemptor.pl\/lomnica\/kontakt\/#primaryimage","url":"https:\/\/cadr.redemptor.pl\/lomnica\/wp-content\/uploads\/sites\/5\/2016\/08\/herb2.gif","contentUrl":"https:\/\/cadr.redemptor.pl\/lomnica\/wp-content\/uploads\/sites\/5\/2016\/08\/herb2.gif","width":272,"height":199},{"@type":"BreadcrumbList","@id":"https:\/\/cadr.redemptor.pl\/lomnica\/kontakt\/#breadcrumb","itemListElement":[{"@type":"ListItem","position":1,"name":"Strona g\u0142\u00f3wna","item":"https:\/\/cadr.redemptor.pl\/lomnica\/"},{"@type":"ListItem","position":2,"name":"Kontakt"}]},{"@type":"WebSite","@id":"https:\/\/cadr.redemptor.pl\/lomnica\/#website","url":"https:\/\/cadr.redemptor.pl\/lomnica\/","name":"CADR \u0141omnica Zdr\u00f3j","description":"Dom Rekolekcyjny w \u0141omnicy Zdroju","potentialAction":[{"@type":"SearchAction","target":{"@type":"EntryPoint","urlTemplate":"https:\/\/cadr.redemptor.pl\/lomnica\/?s={search_term_string}"},"query-input":{"@type":"PropertyValueSpecification","valueRequired":true,"valueName":"search_term_string"}}],"inLanguage":"pl-PL"}]}},"jetpack_sharing_enabled":true,"jetpack_shortlink":"https:\/\/wp.me\/P7QzKb-7","_links":{"self":[{"href":"https:\/\/cadr.redemptor.pl\/lomnica\/wp-json\/wp\/v2\/pages\/7","targetHints":{"allow":["GET"]}}],"collection":[{"href":"https:\/\/cadr.redemptor.pl\/lomnica\/wp-json\/wp\/v2\/pages"}],"about":[{"href":"https:\/\/cadr.redemptor.pl\/lomnica\/wp-json\/wp\/v2\/types\/page"}],"author":[{"embeddable":true,"href":"https:\/\/cadr.redemptor.pl\/lomnica\/wp-json\/wp\/v2\/users\/1"}],"replies":[{"embeddable":true,"href":"https:\/\/cadr.redemptor.pl\/lomnica\/wp-json\/wp\/v2\/comments?post=7"}],"version-history":[{"count":9,"href":"https:\/\/cadr.redemptor.pl\/lomnica\/wp-json\/wp\/v2\/pages\/7\/revisions"}],"predecessor-version":[{"id":274,"href":"https:\/\/cadr.redemptor.pl\/lomnica\/wp-json\/wp\/v2\/pages\/7\/revisions\/274"}],"wp:attachment":[{"href":"https:\/\/cadr.redemptor.pl\/lomnica\/wp-json\/wp\/v2\/media?parent=7"}],"curies":[{"name":"wp","href":"https:\/\/api.w.org\/{rel}","templated":true}]}}