{"id":70,"date":"2016-10-24T19:20:27","date_gmt":"2016-10-24T17:20:27","guid":{"rendered":"https:\/\/cadr.redemptor.pl\/lomnica\/?page_id=70"},"modified":"2016-10-31T12:03:57","modified_gmt":"2016-10-31T11:03:57","slug":"wspomnienia","status":"publish","type":"page","link":"https:\/\/cadr.redemptor.pl\/lomnica\/wspomnienia\/","title":{"rendered":"Wspomnienia"},"content":{"rendered":"<p style=\"text-align: justify\"><span style=\"color: #000000\">\u00a0 \u00a0 \u00a0Od wielu lat przy naszym seminarium w Tuchowie dzia\u0142a <em><strong><span style=\"color: #ff0000\">Redemptorystowskie Stowarzyszenie Przyjaci\u00f3\u0142 Misji<\/span><\/strong> (bracia klerycy i ludzie m\u0142odzi)<\/em>, rozpalaj\u0105c zapa\u0142 misyjny, upowszechniaj\u0105c wiedz\u0119 na temat misji, a tak\u017ce zbieraj\u0105c fundusze na ich wsparcie. Niedawno odby\u0142 si\u0119 wsp\u00f3lny wyjazd formacyjny do \u0141omnicy, zamieszczamy ich relacj\u0119.<\/span><\/p>\n<p style=\"text-align: justify\"><span style=\"color: #000000\">Tam si\u0119 dzia\u0142o\u2026<\/span><\/p>\n<p style=\"text-align: justify\"><span style=\"color: #000000\">Manipulacja, g\u00f3ry, warsztaty, u\u015bcisk d\u0142oni, bilet na komunikacj\u0119 miejsk\u0105, ognisko, SMA, Jezus\u2026 Gdyby wzi\u0105\u0107 kilka takich s\u0142\u00f3w i u\u0142o\u017cy\u0107 je sensownie dostaniemy: weekendowy wyjazd Redemptorystowskiego Stowarzyszenia Przyjaci\u00f3\u0142 Misji do \u0141omnicy (20 \u2013 22 maja 2016 r.). Nasz wypad zacz\u0119li\u015bmy w pi\u0105tek, 20 maja o godz. 14.09, kiedy to wsiedli\u015bmy do poci\u0105gu, by po dw\u00f3ch godzinach dotrze\u0107 do \u0141omnicy. Ju\u017c po chwili zasiedli\u015bmy do sto\u0142u, by pokrz<img fetchpriority=\"high\" decoding=\"async\" class=\"size-medium wp-image-71 alignright\" src=\"https:\/\/cadr.redemptor.pl\/lomnica\/wp-content\/uploads\/sites\/5\/2016\/10\/Tam-si\u0119-dzia\u0142o___-Majowy-wyjazd-RSPM-u-261-300x169.jpg\" alt=\"tam-sie-dzialo___-majowy-wyjazd-rspm-u-261\" width=\"300\" height=\"169\" srcset=\"https:\/\/cadr.redemptor.pl\/lomnica\/wp-content\/uploads\/sites\/5\/2016\/10\/Tam-si\u0119-dzia\u0142o___-Majowy-wyjazd-RSPM-u-261-300x169.jpg 300w, https:\/\/cadr.redemptor.pl\/lomnica\/wp-content\/uploads\/sites\/5\/2016\/10\/Tam-si\u0119-dzia\u0142o___-Majowy-wyjazd-RSPM-u-261-768x432.jpg 768w, https:\/\/cadr.redemptor.pl\/lomnica\/wp-content\/uploads\/sites\/5\/2016\/10\/Tam-si\u0119-dzia\u0142o___-Majowy-wyjazd-RSPM-u-261-1024x576.jpg 1024w, https:\/\/cadr.redemptor.pl\/lomnica\/wp-content\/uploads\/sites\/5\/2016\/10\/Tam-si\u0119-dzia\u0142o___-Majowy-wyjazd-RSPM-u-261.jpg 1140w\" sizes=\"(max-width: 300px) 100vw, 300px\" \/>epi\u0107 cia\u0142o, a potem przyszli\u015bmy do Sto\u0142u Jezusa, by umocni\u0107 si\u0119 adoracj\u0105 naszego Pana. Pogodny wiecz\u00f3r przygotowany przez br. Adama Dudka zapewni\u0142 nam ca\u0142\u0105 kanonad\u0119 \u015bmiechu oraz liczne nagrody (bilet na komunikacj\u0119 miejsk\u0105 w Krakowie, zdj\u0119cie z br. Tomaszem Bilem czy u\u015bcisk d\u0142oni mojej skromnej osoby). Quiz z piosenek filmowych i Eurobiznes to dwie wisienki w torcie tego wieczoru. Sobota to czas na manipulacj\u0119 i przekaz podprogowy: br. Dominik Strychacz przeprowadzi\u0142 warsztaty na temat ukrytych symboli i podprogowego przekazu w wielu wsp\u00f3\u0142czesnych teledyskach czy trailerach. Wielu chce nami rz\u0105dzi\u0107, to fakt, kt\u00f3ry te warsztaty potwierdzi\u0142y, natomiast jest Kto\u015b, kto daje wolno\u015b\u0107 \u2013 Jezus. Spotkali\u015bmy si\u0119 z Nim na szkole modlitwy, prowadzonej przez br. Tomasza i Eucharystii, kt\u00f3rej przewodniczy\u0142 nasz Gospodarz, o. Andrzej Ba\u0142uk CSsR. Po przesmacznym obiedzie czas na spacer. Przy pi\u0119knej pogodzie ruszyli\u015bmy na malownicz\u0105 tras\u0119 Beskidu S\u0105deckiego, kr\u00f3tk\u0105 ale wystarczaj\u0105c\u0105 do rozbudzenia apetytu na wieczorn\u0105 kie\u0142bas\u0119 z ogniska. Nim jednak zasiedli\u015bmy do posi\u0142ku, zosta\u0142 rozegrany mecz ligi RSPMu. Niedziela \u2013 lekko, mi\u0142o i przyjemnie. Do d\u0142ugim \u015bnie (spa\u0107 do godz. 8.00\u2026, klerykowi to si\u0119 nie zdarza za cz\u0119sto), modlitwach i \u015bniadaniu wzi\u0119li\u015bmy udzia\u0142 w Eucharystii w ko\u015bciele parafialnym w \u0141omnicy, po czym spakowali\u015bmy si\u0119 i ruszyli\u015bmy przez g\u00f3rki do s\u0105siedniej Piwnicznej, do domu Stowarzyszenia Misji Afryka\u0144skich, gdzie po obiedzie mieli\u015bmy okazj\u0119 zobaczy\u0107 wystaw\u0119 na temat rzemios\u0142a artystycznego w Afryce. Po niedzielnej kawce i serniku udali\u015bmy si\u0119 na poci\u0105g i bez problem\u00f3w wr\u00f3cili\u015bmy do domu. Tam si\u0119 dzia\u0142o! Raz r\u00f3wno (mimo g\u00f3r odcinki r\u00f3wne si\u0119 znalaz\u0142y), raz pod g\u00f3rk\u0119, a raz z g\u00f3rki. Ale dzia\u0142o si\u0119: misyjnie, wsp\u00f3lnotowo, rozrywkowo\u2026 i co tam Jezus zdzia\u0142a\u0142 w naszym \u017cyciu to tylko On wie!<\/span><\/p>\n<p><span style=\"color: #000000\"><em>Dariusz Dudek CSsR, Redemptorystowskie Stowarzyszenie Przyjaci\u00f3\u0142 Misji, WSD Redemptoryst\u00f3w w Tuchowie<\/em><\/span><\/p>\n<hr \/>\n<p style=\"text-align: justify\"><span style=\"color: #000000\">\u00a0 \u00a0 \u00a0<strong><span style=\"color: #ff0000\"><em>\u0141omnica<\/em> <\/span><\/strong>&#8211; to miejsce, kt\u00f3re zaprasza nasze rodziny zar\u00f3wno do hartowania naszych cia\u0142 przez aktywny odpoczynek i uprawianie sport\u00f3w zimowych, jak i do umacniania w nas ducha przez uczestnictwo w codziennej Eucharystii, s\u0142uchaniu S\u0142owa Bo\u017cego i modlitwie. Przyjazdy w gronie zaprzyja\u017anionych rodzin w to szczeg\u00f3lne miejsce to ju\u017c kilkuletnia tradycja.<\/span><br \/>\n<span style=\"color: #000000\"> Chcem<img decoding=\"async\" class=\"size-full wp-image-72 alignleft\" src=\"https:\/\/cadr.redemptor.pl\/lomnica\/wp-content\/uploads\/sites\/5\/2016\/10\/oazaa-1.jpg\" alt=\"oazaa-1\" width=\"160\" height=\"120\" \/>y j\u0105 podtrzymywa\u0107, poniewa\u017c ma ona dla nas i naszych dzieci prawdziw\u0105 warto\u015b\u0107. Przestronny O\u015brodek z kaplic\u0105, sal\u0105 kominkow\u0105, dobr\u0105 kuchni\u0105 trafiaj\u0105c\u0105 w najbardziej wyszukane gusty kulinarne, pobliskie stoki narciarskie, zje\u017cd\u017cona przez nas Wierchomla, Sucha Dolina, Rytro; weso\u0142e zabawy z dzie\u0107mi oraz kuligi spe\u0142niaj\u0105 oczekiwania wszystkich poszukuj\u0105cych tutaj odpoczynku. W tym pi\u0119knym otoczeniu i dobrze przygotowanych warunkach razem z przyjaci\u00f3\u0142mi prze\u017cywamy ka\u017cdy dzie\u0144 w postawie wdzi\u0119czno\u015bci Bogu &#8211; Stw\u00f3rcy za dar naszej przyja\u017ani, mo\u017cliwo\u015b\u0107 bycia tutaj ze sob\u0105 i dla siebie, za pi\u0119kno i cisz\u0119 otaczaj\u0105cych nas g\u00f3r oraz za si\u0142y, kt\u00f3re odzyskujemy po trudach &#8222;drogi&#8221; &#8211; przyje\u017cd\u017caj\u0105c tutaj i czerpi\u0105c ze \u017ar\u00f3d\u0142a.<\/span><\/p>\n<p><span style=\"color: #000000\"><em>Rodziny Ko\u015bcio\u0142a Domowego z Warszawy.<\/em><\/span><\/p>\n<hr \/>\n<p style=\"text-align: justify\"><span style=\"color: #000000\">\u00a0 \u00a0<strong><span style=\"color: #ff0000\"><em> \u00a0Grupa emeryt\u00f3w i rencist\u00f3w<\/em> <\/span><\/strong>w liczbie 20 os\u00f3b z Polskiego Zwi\u0105zku Emeryt\u00f3w, Rencist\u00f3w i Inwalid\u00f3w Krak\u00f3w Podg\u00f3rze, przebywaj\u0105ca na turnusie wypoczynkowym w Domu Zakonnym Redemptoryst\u00f3w &#8222;Marianum&#8221; w \u0141omnicy Zdroju &#8211; jest grup\u0105 zadowolonych, u\u015bmiechni\u0119tych, radosnych os\u00f3b. Trafili\u015bmy na ciep\u0142\u0105 i s\u0142oneczn\u0105 pogod\u0119, zwiedzali\u015bmy pobliskie lasy i pag\u00f3rki, smakuj\u0105c wod\u0119 ze wszystkich prawie okolicznych \u017ar\u00f3de\u0142 mineralnych. Dodatkow\u0105 atrakcj\u0105 by\u0142y wypady do Piwnicznej oraz wycieczki organizowane przez o. Andrzeja do Litmanowej na S\u0142owacji, wyci\u0105giem krzese\u0142kowym na Wierchoml\u0119 oraz ognisko z dojazdem wozem drabiniastym, w kt\u00f3rych uczestniczyli prawie wszyscy wczasowicze. <img decoding=\"async\" class=\"size-full wp-image-73 alignright\" src=\"https:\/\/cadr.redemptor.pl\/lomnica\/wp-content\/uploads\/sites\/5\/2016\/10\/wozmaly.jpg\" alt=\"wozmaly\" width=\"160\" height=\"120\" \/>Mile zaskoczy\u0142 nas miejscowy zwyczaj m\u00f3wienia &#8222;dzie\u0144 dobry&#8221;, zw\u0142aszcza przez m\u0142odzie\u017c i dzieci, napotkanym nieznajomym osobom. To dobry spos\u00f3b na czarowanie &#8222;dobroci dnia&#8221;, to si\u0119 udziela dalej. Bardzo cenimy sobie mo\u017cliwo\u015b\u0107 korzystania z codziennej Mszy \u015bw., odprawianej na miejscu &#8211; w kaplicy w Marianum. Dopieszczeni duchowo, nakarmieni smaczn\u0105 domow\u0105 kuchni\u0105 Pani Teresy wracamy do dom\u00f3w zadowoleni z nowymi si\u0142ami.<\/span><\/p>\n<p><span style=\"color: #000000\"><em>Barbara \u017bo\u0142\u0105d\u017a &#8211; Krak\u00f3w<\/em><\/span><\/p>\n<hr \/>\n<p>&nbsp;<\/p>\n","protected":false},"excerpt":{"rendered":"<p>\u00a0 \u00a0 \u00a0Od wielu lat przy naszym seminarium w Tuchowie dzia\u0142a Redemptorystowskie Stowarzyszenie Przyjaci\u00f3\u0142 Misji (bracia klerycy i ludzie m\u0142odzi), rozpalaj\u0105c zapa\u0142 misyjny, upowszechniaj\u0105c wiedz\u0119 na temat misji, a tak\u017ce &hellip; <\/p>\n<p class=\"link-more\"><a href=\"https:\/\/cadr.redemptor.pl\/lomnica\/wspomnienia\/\" class=\"more-link\">Czytaj dalej<span class=\"screen-reader-text\"> \u201eWspomnienia\u201d<\/span><\/a><\/p>\n","protected":false},"author":3,"featured_media":0,"parent":0,"menu_order":0,"comment_status":"closed","ping_status":"closed","template":"","meta":{"_EventAllDay":false,"_EventTimezone":"","_EventStartDate":"","_EventEndDate":"","_EventStartDateUTC":"","_EventEndDateUTC":"","_EventShowMap":false,"_EventShowMapLink":false,"_EventURL":"","_EventCost":"","_EventCostDescription":"","_EventCurrencySymbol":"","_EventCurrencyCode":"","_EventCurrencyPosition":"","_EventDateTimeSeparator":"","_EventTimeRangeSeparator":"","_EventOrganizerID":[],"_EventVenueID":[],"_OrganizerEmail":"","_OrganizerPhone":"","_OrganizerWebsite":"","_VenueAddress":"","_VenueCity":"","_VenueCountry":"","_VenueProvince":"","_VenueState":"","_VenueZip":"","_VenuePhone":"","_VenueURL":"","_VenueStateProvince":"","_VenueLat":"","_VenueLng":"","_VenueShowMap":false,"_VenueShowMapLink":false,"_themeisle_gutenberg_block_has_review":false,"jetpack_post_was_ever_published":false,"footnotes":""},"class_list":["post-70","page","type-page","status-publish","hentry"],"yoast_head":"<!-- This site is optimized with the Yoast SEO plugin v27.5 - https:\/\/yoast.com\/product\/yoast-seo-wordpress\/ -->\n<title>Wspomnienia - CADR \u0141omnica Zdr\u00f3j<\/title>\n<meta name=\"robots\" content=\"index, follow, max-snippet:-1, max-image-preview:large, max-video-preview:-1\" \/>\n<link rel=\"canonical\" href=\"https:\/\/cadr.redemptor.pl\/lomnica\/wspomnienia\/\" \/>\n<meta property=\"og:locale\" content=\"pl_PL\" \/>\n<meta property=\"og:type\" content=\"article\" \/>\n<meta property=\"og:title\" content=\"Wspomnienia - CADR \u0141omnica Zdr\u00f3j\" \/>\n<meta property=\"og:description\" content=\"\u00a0 \u00a0 \u00a0Od wielu lat przy naszym seminarium w Tuchowie dzia\u0142a Redemptorystowskie Stowarzyszenie Przyjaci\u00f3\u0142 Misji (bracia klerycy i ludzie m\u0142odzi), rozpalaj\u0105c zapa\u0142 misyjny, upowszechniaj\u0105c wiedz\u0119 na temat misji, a tak\u017ce &hellip; Czytaj dalej \u201eWspomnienia\u201d\" \/>\n<meta property=\"og:url\" content=\"https:\/\/cadr.redemptor.pl\/lomnica\/wspomnienia\/\" \/>\n<meta property=\"og:site_name\" content=\"CADR \u0141omnica Zdr\u00f3j\" \/>\n<meta property=\"article:modified_time\" content=\"2016-10-31T11:03:57+00:00\" \/>\n<meta property=\"og:image\" content=\"https:\/\/cadr.redemptor.pl\/lomnica\/wp-content\/uploads\/sites\/5\/2016\/10\/oazaa-1.jpg\" \/>\n<meta name=\"twitter:card\" content=\"summary_large_image\" \/>\n<meta name=\"twitter:label1\" content=\"Szacowany czas czytania\" \/>\n\t<meta name=\"twitter:data1\" content=\"4 minuty\" \/>\n<script type=\"application\/ld+json\" class=\"yoast-schema-graph\">{\"@context\":\"https:\\\/\\\/schema.org\",\"@graph\":[{\"@type\":\"WebPage\",\"@id\":\"https:\\\/\\\/cadr.redemptor.pl\\\/lomnica\\\/wspomnienia\\\/\",\"url\":\"https:\\\/\\\/cadr.redemptor.pl\\\/lomnica\\\/wspomnienia\\\/\",\"name\":\"Wspomnienia - CADR \u0141omnica Zdr\u00f3j\",\"isPartOf\":{\"@id\":\"https:\\\/\\\/cadr.redemptor.pl\\\/lomnica\\\/#website\"},\"primaryImageOfPage\":{\"@id\":\"https:\\\/\\\/cadr.redemptor.pl\\\/lomnica\\\/wspomnienia\\\/#primaryimage\"},\"image\":{\"@id\":\"https:\\\/\\\/cadr.redemptor.pl\\\/lomnica\\\/wspomnienia\\\/#primaryimage\"},\"thumbnailUrl\":\"https:\\\/\\\/cadr.redemptor.pl\\\/lomnica\\\/wp-content\\\/uploads\\\/sites\\\/5\\\/2016\\\/10\\\/oazaa-1.jpg\",\"datePublished\":\"2016-10-24T17:20:27+00:00\",\"dateModified\":\"2016-10-31T11:03:57+00:00\",\"breadcrumb\":{\"@id\":\"https:\\\/\\\/cadr.redemptor.pl\\\/lomnica\\\/wspomnienia\\\/#breadcrumb\"},\"inLanguage\":\"pl-PL\",\"potentialAction\":[{\"@type\":\"ReadAction\",\"target\":[\"https:\\\/\\\/cadr.redemptor.pl\\\/lomnica\\\/wspomnienia\\\/\"]}]},{\"@type\":\"ImageObject\",\"inLanguage\":\"pl-PL\",\"@id\":\"https:\\\/\\\/cadr.redemptor.pl\\\/lomnica\\\/wspomnienia\\\/#primaryimage\",\"url\":\"https:\\\/\\\/cadr.redemptor.pl\\\/lomnica\\\/wp-content\\\/uploads\\\/sites\\\/5\\\/2016\\\/10\\\/oazaa-1.jpg\",\"contentUrl\":\"https:\\\/\\\/cadr.redemptor.pl\\\/lomnica\\\/wp-content\\\/uploads\\\/sites\\\/5\\\/2016\\\/10\\\/oazaa-1.jpg\"},{\"@type\":\"BreadcrumbList\",\"@id\":\"https:\\\/\\\/cadr.redemptor.pl\\\/lomnica\\\/wspomnienia\\\/#breadcrumb\",\"itemListElement\":[{\"@type\":\"ListItem\",\"position\":1,\"name\":\"Strona g\u0142\u00f3wna\",\"item\":\"https:\\\/\\\/cadr.redemptor.pl\\\/lomnica\\\/\"},{\"@type\":\"ListItem\",\"position\":2,\"name\":\"Wspomnienia\"}]},{\"@type\":\"WebSite\",\"@id\":\"https:\\\/\\\/cadr.redemptor.pl\\\/lomnica\\\/#website\",\"url\":\"https:\\\/\\\/cadr.redemptor.pl\\\/lomnica\\\/\",\"name\":\"CADR \u0141omnica Zdr\u00f3j\",\"description\":\"Dom Rekolekcyjny w \u0141omnicy Zdroju\",\"potentialAction\":[{\"@type\":\"SearchAction\",\"target\":{\"@type\":\"EntryPoint\",\"urlTemplate\":\"https:\\\/\\\/cadr.redemptor.pl\\\/lomnica\\\/?s={search_term_string}\"},\"query-input\":{\"@type\":\"PropertyValueSpecification\",\"valueRequired\":true,\"valueName\":\"search_term_string\"}}],\"inLanguage\":\"pl-PL\"}]}<\/script>\n<!-- \/ Yoast SEO plugin. -->","yoast_head_json":{"title":"Wspomnienia - CADR \u0141omnica Zdr\u00f3j","robots":{"index":"index","follow":"follow","max-snippet":"max-snippet:-1","max-image-preview":"max-image-preview:large","max-video-preview":"max-video-preview:-1"},"canonical":"https:\/\/cadr.redemptor.pl\/lomnica\/wspomnienia\/","og_locale":"pl_PL","og_type":"article","og_title":"Wspomnienia - CADR \u0141omnica Zdr\u00f3j","og_description":"\u00a0 \u00a0 \u00a0Od wielu lat przy naszym seminarium w Tuchowie dzia\u0142a Redemptorystowskie Stowarzyszenie Przyjaci\u00f3\u0142 Misji (bracia klerycy i ludzie m\u0142odzi), rozpalaj\u0105c zapa\u0142 misyjny, upowszechniaj\u0105c wiedz\u0119 na temat misji, a tak\u017ce &hellip; Czytaj dalej \u201eWspomnienia\u201d","og_url":"https:\/\/cadr.redemptor.pl\/lomnica\/wspomnienia\/","og_site_name":"CADR \u0141omnica Zdr\u00f3j","article_modified_time":"2016-10-31T11:03:57+00:00","og_image":[{"url":"https:\/\/cadr.redemptor.pl\/lomnica\/wp-content\/uploads\/sites\/5\/2016\/10\/oazaa-1.jpg","type":"","width":"","height":""}],"twitter_card":"summary_large_image","twitter_misc":{"Szacowany czas czytania":"4 minuty"},"schema":{"@context":"https:\/\/schema.org","@graph":[{"@type":"WebPage","@id":"https:\/\/cadr.redemptor.pl\/lomnica\/wspomnienia\/","url":"https:\/\/cadr.redemptor.pl\/lomnica\/wspomnienia\/","name":"Wspomnienia - CADR \u0141omnica Zdr\u00f3j","isPartOf":{"@id":"https:\/\/cadr.redemptor.pl\/lomnica\/#website"},"primaryImageOfPage":{"@id":"https:\/\/cadr.redemptor.pl\/lomnica\/wspomnienia\/#primaryimage"},"image":{"@id":"https:\/\/cadr.redemptor.pl\/lomnica\/wspomnienia\/#primaryimage"},"thumbnailUrl":"https:\/\/cadr.redemptor.pl\/lomnica\/wp-content\/uploads\/sites\/5\/2016\/10\/oazaa-1.jpg","datePublished":"2016-10-24T17:20:27+00:00","dateModified":"2016-10-31T11:03:57+00:00","breadcrumb":{"@id":"https:\/\/cadr.redemptor.pl\/lomnica\/wspomnienia\/#breadcrumb"},"inLanguage":"pl-PL","potentialAction":[{"@type":"ReadAction","target":["https:\/\/cadr.redemptor.pl\/lomnica\/wspomnienia\/"]}]},{"@type":"ImageObject","inLanguage":"pl-PL","@id":"https:\/\/cadr.redemptor.pl\/lomnica\/wspomnienia\/#primaryimage","url":"https:\/\/cadr.redemptor.pl\/lomnica\/wp-content\/uploads\/sites\/5\/2016\/10\/oazaa-1.jpg","contentUrl":"https:\/\/cadr.redemptor.pl\/lomnica\/wp-content\/uploads\/sites\/5\/2016\/10\/oazaa-1.jpg"},{"@type":"BreadcrumbList","@id":"https:\/\/cadr.redemptor.pl\/lomnica\/wspomnienia\/#breadcrumb","itemListElement":[{"@type":"ListItem","position":1,"name":"Strona g\u0142\u00f3wna","item":"https:\/\/cadr.redemptor.pl\/lomnica\/"},{"@type":"ListItem","position":2,"name":"Wspomnienia"}]},{"@type":"WebSite","@id":"https:\/\/cadr.redemptor.pl\/lomnica\/#website","url":"https:\/\/cadr.redemptor.pl\/lomnica\/","name":"CADR \u0141omnica Zdr\u00f3j","description":"Dom Rekolekcyjny w \u0141omnicy Zdroju","potentialAction":[{"@type":"SearchAction","target":{"@type":"EntryPoint","urlTemplate":"https:\/\/cadr.redemptor.pl\/lomnica\/?s={search_term_string}"},"query-input":{"@type":"PropertyValueSpecification","valueRequired":true,"valueName":"search_term_string"}}],"inLanguage":"pl-PL"}]}},"jetpack_sharing_enabled":true,"jetpack_shortlink":"https:\/\/wp.me\/P7QzKb-18","_links":{"self":[{"href":"https:\/\/cadr.redemptor.pl\/lomnica\/wp-json\/wp\/v2\/pages\/70","targetHints":{"allow":["GET"]}}],"collection":[{"href":"https:\/\/cadr.redemptor.pl\/lomnica\/wp-json\/wp\/v2\/pages"}],"about":[{"href":"https:\/\/cadr.redemptor.pl\/lomnica\/wp-json\/wp\/v2\/types\/page"}],"author":[{"embeddable":true,"href":"https:\/\/cadr.redemptor.pl\/lomnica\/wp-json\/wp\/v2\/users\/3"}],"replies":[{"embeddable":true,"href":"https:\/\/cadr.redemptor.pl\/lomnica\/wp-json\/wp\/v2\/comments?post=70"}],"version-history":[{"count":5,"href":"https:\/\/cadr.redemptor.pl\/lomnica\/wp-json\/wp\/v2\/pages\/70\/revisions"}],"predecessor-version":[{"id":115,"href":"https:\/\/cadr.redemptor.pl\/lomnica\/wp-json\/wp\/v2\/pages\/70\/revisions\/115"}],"wp:attachment":[{"href":"https:\/\/cadr.redemptor.pl\/lomnica\/wp-json\/wp\/v2\/media?parent=70"}],"curies":[{"name":"wp","href":"https:\/\/api.w.org\/{rel}","templated":true}]}}