{"id":71,"date":"2019-07-19T19:22:36","date_gmt":"2019-07-19T17:22:36","guid":{"rendered":"https:\/\/cadr.redemptor.pl\/lubaszowa\/?page_id=71"},"modified":"2019-09-12T18:10:15","modified_gmt":"2019-09-12T16:10:15","slug":"dojazd","status":"publish","type":"page","link":"https:\/\/cadr.redemptor.pl\/lubaszowa\/dojazd\/","title":{"rendered":"Dojazd"},"content":{"rendered":"<h4 style=\"text-align: center\"><strong>JAK DOJECHA\u0106 DO LUBASZOWEJ?<\/strong><\/h4>\n<p>&nbsp;<\/p>\n<p><strong>Odleg\u0142o\u015bci z Lubaszowej:<\/strong><\/p>\n<p>Tarn\u00f3w &#8211; 21 km<\/p>\n<p>Krak\u00f3w &#8211; 106 km<\/p>\n<p>Warszawa &#8211; 330 km<\/p>\n<p>Przemy\u015bl &#8211; 190 km<\/p>\n<p>Pozna\u0144 &#8211; 495 km<\/p>\n<p>Gda\u0144sk &#8211; 630 km<\/p>\n<p>&nbsp;<\/p>\n<p><strong>1. Dojazd samochodem:<\/strong><\/p>\n<p>Kierunek \u2013 Tarn\u00f3w, a potem z Tarnowa droga nr 977 na Tuch\u00f3w. Przy zje\u017adzie z autostrady A4 w Tarnowie kierowa\u0107 si\u0119 na JAS\u0141O, za\u015b z obwodnicy tarnowskiej wybra\u0107 kierunek GORLICE, KONIECZNA, czyli drog\u0119 nr 977 prowadz\u0105c\u0105 przez <strong>TUCH\u00d3W<\/strong>. Lubaszowa znajduje si\u0119 kilka kilometr\u00f3w za Tuchowem. Jednak <u><strong>z powodu remontu mostu<\/strong> na rzece Bia\u0142ej w Lubaszowej<\/u> przejazd przez most jest zamkni\u0119ty, dlatego chc\u0105c dojecha\u0107 do domu rekolekcyjnego <strong><u>trzeba skorzysta\u0107 z objazdu<\/u><\/strong>.<\/p>\n<p>S\u0105 <strong>dwie mo\u017cliwo\u015bci<\/strong>:<\/p>\n<p>&#8211; kr\u00f3tszy nieoficjalny objazd (otwarty dla mieszka\u0144c\u00f3w gminy Tuch\u00f3w, ale bez osobnych oznakowa\u0144) zaczyna si\u0119 zaraz za Tuchowem przed miejscowo\u015bci\u0105 <strong>D\u0104BR\u00d3WKA TUCHOWSKA<\/strong> &#8211; trzeba skr\u0119ci\u0107 w lewo na kierunek <strong>Burzyn<\/strong> i jecha\u0107 przez t\u0119 wiosk\u0119 w\u0119\u017csz\u0105 drog\u0105 do Lubaszowej.<\/p>\n<p>&#8211; d\u0142u\u017cszy oficjalny objazd prowadzi przez miejscowo\u015b\u0107 <strong>GROMNIK.<\/strong> Na pocz\u0105tku tej miejscowo\u015bci (jad\u0105c od Tarnowa drog\u0105 nr 977) nale\u017cy skr\u0119ci\u0107 w lewo na drog\u0119 nr 980 w kierunku <strong>Biecza<\/strong>, dalej jecha\u0107 przez miejscowo\u015bci: Golanka, Rzepiennik Marciszewski i Rzepiennik Strzy\u017cewski. Nast\u0119pnie przed ko\u015bcio\u0142em <strong>w Rzepienniku Biskupim<\/strong> trzeba skr\u0119ci\u0107 w lewo w kierunku miejscowo\u015bci <strong>Jod\u0142\u00f3wka Tuchowska<\/strong>. Na skrzy\u017cowaniu z drog\u0105 Siepietnica-D\u0105br\u00f3wka Tuchowska nale\u017cy skr\u0119ci\u0107 w lewo i jecha\u0107 dalej do Lubaszowej.<\/p>\n<p>W samej Lubaszowej nale\u017cy kierowa\u0107 si\u0119 dalej zgodnie z tablicami informacyjnymi <strong>\u201eKLASZTOR\u201d<\/strong>. Nasz o\u015brodek znajduje si\u0119 na wzg\u00f3rzu pod lasem, do kt\u00f3rego droga jest wy\u0142o\u017cona asfaltem i betonow\u0105 trelink\u0105.<\/p>\n<p>&nbsp;<\/p>\n<p><strong>2. Dojazd komunikacj\u0105:<\/strong><\/p>\n<p>Z p\u00f3\u0142nocy, zachodu i wschodu jedziemy w kierunku Tarnowa, (PKP osobowe &#8211; Nowy S\u0105cz lub Krynica). W Tarnowie wybieramy poci\u0105g w kierunku Str\u00f3\u017c, Nowego S\u0105cza lub Krynicy. Po ok. 30 minutach wysiadka na przystanku kolejowym Lubaszowa, pierwszy przystanek za Tuchowem.<\/p>\n<p>PKS (bus) &#8211; ka\u017cdy osobowy przeje\u017cd\u017caj\u0105cy przez Lubaszow\u0105 lub D\u0105br\u00f3wk\u0119 Tuchowsk\u0105 (pyta\u0107 w informacji). Dworzec PKS w Tarnowie znajduje si\u0119 obok dworca PKP. Kierowca poinformuje, gdzie wysi\u0105\u015b\u0107.<\/p>\n<p>Je\u015bli wcze\u015bniej nas zawiadomisz, mo\u017cemy odebra\u0107 Ci\u0119 ze stacji w Lubaszowej i przyjedziesz na wzg\u00f3rze samochodem.<\/p>\n","protected":false},"excerpt":{"rendered":"<p>JAK DOJECHA\u0106 DO LUBASZOWEJ? &nbsp; Odleg\u0142o\u015bci z Lubaszowej: Tarn\u00f3w &#8211; 21 km Krak\u00f3w &#8211; 106 km Warszawa &#8211; 330 km Przemy\u015bl &#8211; 190 km Pozna\u0144 &#8211; 495 km Gda\u0144sk &#8211; &hellip; <a href=\"https:\/\/cadr.redemptor.pl\/lubaszowa\/dojazd\/\" class=\"more-link\">Czytaj dalej<span class=\"screen-reader-text\"> \u201eDojazd\u201d<\/span><\/a><\/p>\n","protected":false},"author":2,"featured_media":0,"parent":0,"menu_order":0,"comment_status":"closed","ping_status":"closed","template":"","meta":{"_themeisle_gutenberg_block_has_review":false,"jetpack_post_was_ever_published":false,"footnotes":""},"class_list":["post-71","page","type-page","status-publish","hentry"],"yoast_head":"<!-- This site is optimized with the Yoast SEO plugin v27.4 - https:\/\/yoast.com\/product\/yoast-seo-wordpress\/ -->\n<title>Dojazd - CADR Lubaszowa<\/title>\n<meta name=\"robots\" content=\"index, follow, max-snippet:-1, max-image-preview:large, max-video-preview:-1\" \/>\n<link rel=\"canonical\" href=\"https:\/\/cadr.redemptor.pl\/lubaszowa\/dojazd\/\" \/>\n<meta property=\"og:locale\" content=\"pl_PL\" \/>\n<meta property=\"og:type\" content=\"article\" \/>\n<meta property=\"og:title\" content=\"Dojazd - CADR Lubaszowa\" \/>\n<meta property=\"og:description\" content=\"JAK DOJECHA\u0106 DO LUBASZOWEJ? &nbsp; Odleg\u0142o\u015bci z Lubaszowej: Tarn\u00f3w &#8211; 21 km Krak\u00f3w &#8211; 106 km Warszawa &#8211; 330 km Przemy\u015bl &#8211; 190 km Pozna\u0144 &#8211; 495 km Gda\u0144sk &#8211; &hellip; Czytaj dalej \u201eDojazd\u201d\" \/>\n<meta property=\"og:url\" content=\"https:\/\/cadr.redemptor.pl\/lubaszowa\/dojazd\/\" \/>\n<meta property=\"og:site_name\" content=\"CADR Lubaszowa\" \/>\n<meta property=\"article:modified_time\" content=\"2019-09-12T16:10:15+00:00\" \/>\n<meta name=\"twitter:card\" content=\"summary_large_image\" \/>\n<meta name=\"twitter:label1\" content=\"Szacowany czas czytania\" \/>\n\t<meta name=\"twitter:data1\" content=\"2 minuty\" \/>\n<script type=\"application\/ld+json\" class=\"yoast-schema-graph\">{\"@context\":\"https:\\\/\\\/schema.org\",\"@graph\":[{\"@type\":\"WebPage\",\"@id\":\"https:\\\/\\\/cadr.redemptor.pl\\\/lubaszowa\\\/dojazd\\\/\",\"url\":\"https:\\\/\\\/cadr.redemptor.pl\\\/lubaszowa\\\/dojazd\\\/\",\"name\":\"Dojazd - CADR Lubaszowa\",\"isPartOf\":{\"@id\":\"https:\\\/\\\/cadr.redemptor.pl\\\/lubaszowa\\\/#website\"},\"datePublished\":\"2019-07-19T17:22:36+00:00\",\"dateModified\":\"2019-09-12T16:10:15+00:00\",\"breadcrumb\":{\"@id\":\"https:\\\/\\\/cadr.redemptor.pl\\\/lubaszowa\\\/dojazd\\\/#breadcrumb\"},\"inLanguage\":\"pl-PL\",\"potentialAction\":[{\"@type\":\"ReadAction\",\"target\":[\"https:\\\/\\\/cadr.redemptor.pl\\\/lubaszowa\\\/dojazd\\\/\"]}]},{\"@type\":\"BreadcrumbList\",\"@id\":\"https:\\\/\\\/cadr.redemptor.pl\\\/lubaszowa\\\/dojazd\\\/#breadcrumb\",\"itemListElement\":[{\"@type\":\"ListItem\",\"position\":1,\"name\":\"Strona g\u0142\u00f3wna\",\"item\":\"https:\\\/\\\/cadr.redemptor.pl\\\/lubaszowa\\\/\"},{\"@type\":\"ListItem\",\"position\":2,\"name\":\"Dojazd\"}]},{\"@type\":\"WebSite\",\"@id\":\"https:\\\/\\\/cadr.redemptor.pl\\\/lubaszowa\\\/#website\",\"url\":\"https:\\\/\\\/cadr.redemptor.pl\\\/lubaszowa\\\/\",\"name\":\"CADR Lubaszowa\",\"description\":\"Dom Rekolekcyjny G\u00f3ra Tabor\",\"potentialAction\":[{\"@type\":\"SearchAction\",\"target\":{\"@type\":\"EntryPoint\",\"urlTemplate\":\"https:\\\/\\\/cadr.redemptor.pl\\\/lubaszowa\\\/?s={search_term_string}\"},\"query-input\":{\"@type\":\"PropertyValueSpecification\",\"valueRequired\":true,\"valueName\":\"search_term_string\"}}],\"inLanguage\":\"pl-PL\"}]}<\/script>\n<!-- \/ Yoast SEO plugin. -->","yoast_head_json":{"title":"Dojazd - CADR Lubaszowa","robots":{"index":"index","follow":"follow","max-snippet":"max-snippet:-1","max-image-preview":"max-image-preview:large","max-video-preview":"max-video-preview:-1"},"canonical":"https:\/\/cadr.redemptor.pl\/lubaszowa\/dojazd\/","og_locale":"pl_PL","og_type":"article","og_title":"Dojazd - CADR Lubaszowa","og_description":"JAK DOJECHA\u0106 DO LUBASZOWEJ? &nbsp; Odleg\u0142o\u015bci z Lubaszowej: Tarn\u00f3w &#8211; 21 km Krak\u00f3w &#8211; 106 km Warszawa &#8211; 330 km Przemy\u015bl &#8211; 190 km Pozna\u0144 &#8211; 495 km Gda\u0144sk &#8211; &hellip; Czytaj dalej \u201eDojazd\u201d","og_url":"https:\/\/cadr.redemptor.pl\/lubaszowa\/dojazd\/","og_site_name":"CADR Lubaszowa","article_modified_time":"2019-09-12T16:10:15+00:00","twitter_card":"summary_large_image","twitter_misc":{"Szacowany czas czytania":"2 minuty"},"schema":{"@context":"https:\/\/schema.org","@graph":[{"@type":"WebPage","@id":"https:\/\/cadr.redemptor.pl\/lubaszowa\/dojazd\/","url":"https:\/\/cadr.redemptor.pl\/lubaszowa\/dojazd\/","name":"Dojazd - CADR Lubaszowa","isPartOf":{"@id":"https:\/\/cadr.redemptor.pl\/lubaszowa\/#website"},"datePublished":"2019-07-19T17:22:36+00:00","dateModified":"2019-09-12T16:10:15+00:00","breadcrumb":{"@id":"https:\/\/cadr.redemptor.pl\/lubaszowa\/dojazd\/#breadcrumb"},"inLanguage":"pl-PL","potentialAction":[{"@type":"ReadAction","target":["https:\/\/cadr.redemptor.pl\/lubaszowa\/dojazd\/"]}]},{"@type":"BreadcrumbList","@id":"https:\/\/cadr.redemptor.pl\/lubaszowa\/dojazd\/#breadcrumb","itemListElement":[{"@type":"ListItem","position":1,"name":"Strona g\u0142\u00f3wna","item":"https:\/\/cadr.redemptor.pl\/lubaszowa\/"},{"@type":"ListItem","position":2,"name":"Dojazd"}]},{"@type":"WebSite","@id":"https:\/\/cadr.redemptor.pl\/lubaszowa\/#website","url":"https:\/\/cadr.redemptor.pl\/lubaszowa\/","name":"CADR Lubaszowa","description":"Dom Rekolekcyjny G\u00f3ra Tabor","potentialAction":[{"@type":"SearchAction","target":{"@type":"EntryPoint","urlTemplate":"https:\/\/cadr.redemptor.pl\/lubaszowa\/?s={search_term_string}"},"query-input":{"@type":"PropertyValueSpecification","valueRequired":true,"valueName":"search_term_string"}}],"inLanguage":"pl-PL"}]}},"jetpack_sharing_enabled":true,"jetpack_shortlink":"https:\/\/wp.me\/P7QzJZ-19","_links":{"self":[{"href":"https:\/\/cadr.redemptor.pl\/lubaszowa\/wp-json\/wp\/v2\/pages\/71","targetHints":{"allow":["GET"]}}],"collection":[{"href":"https:\/\/cadr.redemptor.pl\/lubaszowa\/wp-json\/wp\/v2\/pages"}],"about":[{"href":"https:\/\/cadr.redemptor.pl\/lubaszowa\/wp-json\/wp\/v2\/types\/page"}],"author":[{"embeddable":true,"href":"https:\/\/cadr.redemptor.pl\/lubaszowa\/wp-json\/wp\/v2\/users\/2"}],"replies":[{"embeddable":true,"href":"https:\/\/cadr.redemptor.pl\/lubaszowa\/wp-json\/wp\/v2\/comments?post=71"}],"version-history":[{"count":7,"href":"https:\/\/cadr.redemptor.pl\/lubaszowa\/wp-json\/wp\/v2\/pages\/71\/revisions"}],"predecessor-version":[{"id":807,"href":"https:\/\/cadr.redemptor.pl\/lubaszowa\/wp-json\/wp\/v2\/pages\/71\/revisions\/807"}],"wp:attachment":[{"href":"https:\/\/cadr.redemptor.pl\/lubaszowa\/wp-json\/wp\/v2\/media?parent=71"}],"curies":[{"name":"wp","href":"https:\/\/api.w.org\/{rel}","templated":true}]}}